{"id":10810,"date":"2024-04-20T16:21:16","date_gmt":"2024-04-20T22:21:16","guid":{"rendered":"https:\/\/floristeriamadonna.com\/?post_type=product&#038;p=10810"},"modified":"2024-05-02T17:47:20","modified_gmt":"2024-05-02T23:47:20","slug":"garden-pil","status":"publish","type":"product","link":"https:\/\/floristeriamadonna.com\/?product=garden-pil","title":{"rendered":"Garden feliz"},"content":{"rendered":"<p>Composici\u00f3n floral en colores de mucha luz con flores rosas, vikingos Hortencias y follajes especiales. Ideal para al\u00e9grale el d\u00eda por su luz en tanto en el dise\u00f1o floral como en la caja amarilla de edici\u00f3n limitada de florister\u00eda Madonna.<\/p>\n","protected":false},"excerpt":{"rendered":"<p>Composici\u00f3n floral en colores de mucha luz con flores rosas, vikingos Hortencias y follajes especiales. Ideal para al\u00e9grale el d\u00eda<\/p>\n","protected":false},"featured_media":10794,"template":"","meta":[],"product_cat":[65,73,100,89,102,109,15],"product_tag":[],"class_list":{"0":"post-10810","1":"product","2":"type-product","3":"status-publish","4":"has-post-thumbnail","6":"product_cat-flores","7":"product_cat-rosas","8":"product_cat-amistad","9":"product_cat-aniversario","10":"product_cat-cumpleanos","11":"product_cat-recien-nacidos","12":"product_cat-varios","14":"first","15":"instock","16":"shipping-taxable","17":"purchasable","18":"product-type-simple"},"yoast_head":"<!-- This site is optimized with the Yoast SEO plugin v24.0 - https:\/\/yoast.com\/wordpress\/plugins\/seo\/ -->\n<title>Garden feliz - Florister\u00eda Madonna<\/title>\n<meta name=\"robots\" content=\"index, follow, max-snippet:-1, max-image-preview:large, max-video-preview:-1\" \/>\n<link rel=\"canonical\" href=\"https:\/\/floristeriamadonna.com\/producto\/garden-pil\" \/>\n<meta property=\"og:locale\" content=\"es_MX\" \/>\n<meta property=\"og:type\" content=\"article\" \/>\n<meta property=\"og:title\" content=\"Garden feliz - Florister\u00eda Madonna\" \/>\n<meta property=\"og:description\" content=\"Composici\u00f3n floral en colores de mucha luz con flores rosas, vikingos Hortencias y follajes especiales. Ideal para al\u00e9grale el d\u00eda\" \/>\n<meta property=\"og:url\" content=\"https:\/\/floristeriamadonna.com\/producto\/garden-pil\" \/>\n<meta property=\"og:site_name\" content=\"Florister\u00eda Madonna\" \/>\n<meta property=\"article:publisher\" content=\"https:\/\/www.facebook.com\/madonnafloristeria\" \/>\n<meta property=\"article:modified_time\" content=\"2024-05-02T23:47:20+00:00\" \/>\n<meta property=\"og:image\" content=\"https:\/\/floristeriamadonna.com\/wp-content\/uploads\/2024\/04\/546A3AA0-D82B-44DA-9F75-225307FE24B1-scaled.jpeg\" \/>\n\t<meta property=\"og:image:width\" content=\"2560\" \/>\n\t<meta property=\"og:image:height\" content=\"1707\" \/>\n\t<meta property=\"og:image:type\" content=\"image\/jpeg\" \/>\n<meta name=\"twitter:card\" content=\"summary_large_image\" \/>\n<meta name=\"twitter:label1\" content=\"Tiempo de lectura\" \/>\n\t<meta name=\"twitter:data1\" content=\"1 minuto\" \/>\n<script type=\"application\/ld+json\" class=\"yoast-schema-graph\">{\"@context\":\"https:\/\/schema.org\",\"@graph\":[{\"@type\":\"WebPage\",\"@id\":\"https:\/\/floristeriamadonna.com\/producto\/garden-pil\",\"url\":\"https:\/\/floristeriamadonna.com\/producto\/garden-pil\",\"name\":\"Garden feliz - Florister\u00eda Madonna\",\"isPartOf\":{\"@id\":\"https:\/\/floristeriamadonna.com\/#website\"},\"primaryImageOfPage\":{\"@id\":\"https:\/\/floristeriamadonna.com\/producto\/garden-pil#primaryimage\"},\"image\":{\"@id\":\"https:\/\/floristeriamadonna.com\/producto\/garden-pil#primaryimage\"},\"thumbnailUrl\":\"https:\/\/floristeriamadonna.com\/wp-content\/uploads\/2024\/04\/546A3AA0-D82B-44DA-9F75-225307FE24B1-scaled.jpeg\",\"datePublished\":\"2024-04-20T22:21:16+00:00\",\"dateModified\":\"2024-05-02T23:47:20+00:00\",\"breadcrumb\":{\"@id\":\"https:\/\/floristeriamadonna.com\/producto\/garden-pil#breadcrumb\"},\"inLanguage\":\"es\",\"potentialAction\":[{\"@type\":\"ReadAction\",\"target\":[\"https:\/\/floristeriamadonna.com\/producto\/garden-pil\"]}]},{\"@type\":\"ImageObject\",\"inLanguage\":\"es\",\"@id\":\"https:\/\/floristeriamadonna.com\/producto\/garden-pil#primaryimage\",\"url\":\"https:\/\/floristeriamadonna.com\/wp-content\/uploads\/2024\/04\/546A3AA0-D82B-44DA-9F75-225307FE24B1-scaled.jpeg\",\"contentUrl\":\"https:\/\/floristeriamadonna.com\/wp-content\/uploads\/2024\/04\/546A3AA0-D82B-44DA-9F75-225307FE24B1-scaled.jpeg\",\"width\":2560,\"height\":1707},{\"@type\":\"BreadcrumbList\",\"@id\":\"https:\/\/floristeriamadonna.com\/producto\/garden-pil#breadcrumb\",\"itemListElement\":[{\"@type\":\"ListItem\",\"position\":1,\"name\":\"Inicio\",\"item\":\"https:\/\/floristeriamadonna.com\/\"},{\"@type\":\"ListItem\",\"position\":2,\"name\":\"Tienda\",\"item\":\"https:\/\/floristeriamadonna.com\/?page_id=9\"},{\"@type\":\"ListItem\",\"position\":3,\"name\":\"Garden feliz\"}]},{\"@type\":\"WebSite\",\"@id\":\"https:\/\/floristeriamadonna.com\/#website\",\"url\":\"https:\/\/floristeriamadonna.com\/\",\"name\":\"Florister\u00eda Madonna\",\"description\":\"\",\"publisher\":{\"@id\":\"https:\/\/floristeriamadonna.com\/#organization\"},\"potentialAction\":[{\"@type\":\"SearchAction\",\"target\":{\"@type\":\"EntryPoint\",\"urlTemplate\":\"https:\/\/floristeriamadonna.com\/?s={search_term_string}\"},\"query-input\":{\"@type\":\"PropertyValueSpecification\",\"valueRequired\":true,\"valueName\":\"search_term_string\"}}],\"inLanguage\":\"es\"},{\"@type\":\"Organization\",\"@id\":\"https:\/\/floristeriamadonna.com\/#organization\",\"name\":\"Florister\u00eda Madonna\",\"url\":\"https:\/\/floristeriamadonna.com\/\",\"logo\":{\"@type\":\"ImageObject\",\"inLanguage\":\"es\",\"@id\":\"https:\/\/floristeriamadonna.com\/#\/schema\/logo\/image\/\",\"url\":\"https:\/\/floristeriamadonna.com\/wp-content\/uploads\/2021\/12\/floristeria-madonna-logo-1581041112.png\",\"contentUrl\":\"https:\/\/floristeriamadonna.com\/wp-content\/uploads\/2021\/12\/floristeria-madonna-logo-1581041112.png\",\"width\":203,\"height\":125,\"caption\":\"Florister\u00eda Madonna\"},\"image\":{\"@id\":\"https:\/\/floristeriamadonna.com\/#\/schema\/logo\/image\/\"},\"sameAs\":[\"https:\/\/www.facebook.com\/madonnafloristeria\",\"https:\/\/www.instagram.com\/floristeriamadonna\/\"]}]}<\/script>\n<!-- \/ Yoast SEO plugin. -->","yoast_head_json":{"title":"Garden feliz - Florister\u00eda Madonna","robots":{"index":"index","follow":"follow","max-snippet":"max-snippet:-1","max-image-preview":"max-image-preview:large","max-video-preview":"max-video-preview:-1"},"canonical":"https:\/\/floristeriamadonna.com\/producto\/garden-pil","og_locale":"es_MX","og_type":"article","og_title":"Garden feliz - Florister\u00eda Madonna","og_description":"Composici\u00f3n floral en colores de mucha luz con flores rosas, vikingos Hortencias y follajes especiales. Ideal para al\u00e9grale el d\u00eda","og_url":"https:\/\/floristeriamadonna.com\/producto\/garden-pil","og_site_name":"Florister\u00eda Madonna","article_publisher":"https:\/\/www.facebook.com\/madonnafloristeria","article_modified_time":"2024-05-02T23:47:20+00:00","og_image":[{"width":2560,"height":1707,"url":"https:\/\/floristeriamadonna.com\/wp-content\/uploads\/2024\/04\/546A3AA0-D82B-44DA-9F75-225307FE24B1-scaled.jpeg","type":"image\/jpeg"}],"twitter_card":"summary_large_image","twitter_misc":{"Tiempo de lectura":"1 minuto"},"schema":{"@context":"https:\/\/schema.org","@graph":[{"@type":"WebPage","@id":"https:\/\/floristeriamadonna.com\/producto\/garden-pil","url":"https:\/\/floristeriamadonna.com\/producto\/garden-pil","name":"Garden feliz - Florister\u00eda Madonna","isPartOf":{"@id":"https:\/\/floristeriamadonna.com\/#website"},"primaryImageOfPage":{"@id":"https:\/\/floristeriamadonna.com\/producto\/garden-pil#primaryimage"},"image":{"@id":"https:\/\/floristeriamadonna.com\/producto\/garden-pil#primaryimage"},"thumbnailUrl":"https:\/\/floristeriamadonna.com\/wp-content\/uploads\/2024\/04\/546A3AA0-D82B-44DA-9F75-225307FE24B1-scaled.jpeg","datePublished":"2024-04-20T22:21:16+00:00","dateModified":"2024-05-02T23:47:20+00:00","breadcrumb":{"@id":"https:\/\/floristeriamadonna.com\/producto\/garden-pil#breadcrumb"},"inLanguage":"es","potentialAction":[{"@type":"ReadAction","target":["https:\/\/floristeriamadonna.com\/producto\/garden-pil"]}]},{"@type":"ImageObject","inLanguage":"es","@id":"https:\/\/floristeriamadonna.com\/producto\/garden-pil#primaryimage","url":"https:\/\/floristeriamadonna.com\/wp-content\/uploads\/2024\/04\/546A3AA0-D82B-44DA-9F75-225307FE24B1-scaled.jpeg","contentUrl":"https:\/\/floristeriamadonna.com\/wp-content\/uploads\/2024\/04\/546A3AA0-D82B-44DA-9F75-225307FE24B1-scaled.jpeg","width":2560,"height":1707},{"@type":"BreadcrumbList","@id":"https:\/\/floristeriamadonna.com\/producto\/garden-pil#breadcrumb","itemListElement":[{"@type":"ListItem","position":1,"name":"Inicio","item":"https:\/\/floristeriamadonna.com\/"},{"@type":"ListItem","position":2,"name":"Tienda","item":"https:\/\/floristeriamadonna.com\/?page_id=9"},{"@type":"ListItem","position":3,"name":"Garden feliz"}]},{"@type":"WebSite","@id":"https:\/\/floristeriamadonna.com\/#website","url":"https:\/\/floristeriamadonna.com\/","name":"Florister\u00eda Madonna","description":"","publisher":{"@id":"https:\/\/floristeriamadonna.com\/#organization"},"potentialAction":[{"@type":"SearchAction","target":{"@type":"EntryPoint","urlTemplate":"https:\/\/floristeriamadonna.com\/?s={search_term_string}"},"query-input":{"@type":"PropertyValueSpecification","valueRequired":true,"valueName":"search_term_string"}}],"inLanguage":"es"},{"@type":"Organization","@id":"https:\/\/floristeriamadonna.com\/#organization","name":"Florister\u00eda Madonna","url":"https:\/\/floristeriamadonna.com\/","logo":{"@type":"ImageObject","inLanguage":"es","@id":"https:\/\/floristeriamadonna.com\/#\/schema\/logo\/image\/","url":"https:\/\/floristeriamadonna.com\/wp-content\/uploads\/2021\/12\/floristeria-madonna-logo-1581041112.png","contentUrl":"https:\/\/floristeriamadonna.com\/wp-content\/uploads\/2021\/12\/floristeria-madonna-logo-1581041112.png","width":203,"height":125,"caption":"Florister\u00eda Madonna"},"image":{"@id":"https:\/\/floristeriamadonna.com\/#\/schema\/logo\/image\/"},"sameAs":["https:\/\/www.facebook.com\/madonnafloristeria","https:\/\/www.instagram.com\/floristeriamadonna\/"]}]}},"_links":{"self":[{"href":"https:\/\/floristeriamadonna.com\/index.php?rest_route=\/wp\/v2\/product\/10810","targetHints":{"allow":["GET"]}}],"collection":[{"href":"https:\/\/floristeriamadonna.com\/index.php?rest_route=\/wp\/v2\/product"}],"about":[{"href":"https:\/\/floristeriamadonna.com\/index.php?rest_route=\/wp\/v2\/types\/product"}],"version-history":[{"count":4,"href":"https:\/\/floristeriamadonna.com\/index.php?rest_route=\/wp\/v2\/product\/10810\/revisions"}],"predecessor-version":[{"id":10868,"href":"https:\/\/floristeriamadonna.com\/index.php?rest_route=\/wp\/v2\/product\/10810\/revisions\/10868"}],"wp:featuredmedia":[{"embeddable":true,"href":"https:\/\/floristeriamadonna.com\/index.php?rest_route=\/wp\/v2\/media\/10794"}],"wp:attachment":[{"href":"https:\/\/floristeriamadonna.com\/index.php?rest_route=%2Fwp%2Fv2%2Fmedia&parent=10810"}],"wp:term":[{"taxonomy":"product_cat","embeddable":true,"href":"https:\/\/floristeriamadonna.com\/index.php?rest_route=%2Fwp%2Fv2%2Fproduct_cat&post=10810"},{"taxonomy":"product_tag","embeddable":true,"href":"https:\/\/floristeriamadonna.com\/index.php?rest_route=%2Fwp%2Fv2%2Fproduct_tag&post=10810"}],"curies":[{"name":"wp","href":"https:\/\/api.w.org\/{rel}","templated":true}]}}