{"id":11502,"date":"2026-01-29T19:31:57","date_gmt":"2026-01-30T01:31:57","guid":{"rendered":"https:\/\/floristeriamadonna.com\/?post_type=product&#038;p=11502"},"modified":"2026-01-30T00:23:19","modified_gmt":"2026-01-30T06:23:19","slug":"senal-de-amor","status":"publish","type":"product","link":"https:\/\/floristeriamadonna.com\/?product=senal-de-amor","title":{"rendered":"Se\u00f1al de Amor"},"content":{"rendered":"<p>&#8220;Se\u00f1al de Amor&#8221;<\/p>\n<p>Dise\u00f1o Premium, ideal cuando el Amor Gu\u00eda.<\/p>\n<p>Dise\u00f1o floral natural, elaborado en una Caja Especial de Florister\u00eda Madonna\u00a0con Rosas, Snap Dragons, Yokos, Brandys, Clavellinas, Griffis, Silver, Mini Eucalipto y Leather.<\/p>\n","protected":false},"excerpt":{"rendered":"<p>&#8220;Se\u00f1al de Amor&#8221; Dise\u00f1o Premium, ideal cuando el Amor Gu\u00eda. Dise\u00f1o floral natural, elaborado en una Caja Especial de Florister\u00eda<\/p>\n","protected":false},"featured_media":11503,"template":"","meta":[],"product_cat":[65,73,100,64,89],"product_tag":[],"class_list":{"0":"post-11502","1":"product","2":"type-product","3":"status-publish","4":"has-post-thumbnail","6":"product_cat-flores","7":"product_cat-rosas","8":"product_cat-amistad","9":"product_cat-amor","10":"product_cat-aniversario","12":"first","13":"instock","14":"shipping-taxable","15":"purchasable","16":"product-type-simple"},"yoast_head":"<!-- This site is optimized with the Yoast SEO plugin v24.0 - https:\/\/yoast.com\/wordpress\/plugins\/seo\/ -->\n<title>Se\u00f1al de Amor - Florister\u00eda Madonna<\/title>\n<meta name=\"description\" content=\"Se\u00f1al de Amor. Dise\u00f1o premium, ideal cuando el amor gu\u00eda. Dise\u00f1o floral natural, elaborado en una caja especial de la Florister\u00eda con Rosas, Snap Dragons, Yokos, Brandys, Clavellinas, Griffis, Silver, Mini Eucalipto y Leather.\" \/>\n<meta name=\"robots\" content=\"index, follow, max-snippet:-1, max-image-preview:large, max-video-preview:-1\" \/>\n<link rel=\"canonical\" href=\"https:\/\/floristeriamadonna.com\/?product=senal-de-amor\" \/>\n<meta property=\"og:locale\" content=\"es_MX\" \/>\n<meta property=\"og:type\" content=\"article\" \/>\n<meta property=\"og:title\" content=\"Se\u00f1al de Amor - Florister\u00eda Madonna\" \/>\n<meta property=\"og:description\" content=\"Se\u00f1al de Amor. Dise\u00f1o premium, ideal cuando el amor gu\u00eda. Dise\u00f1o floral natural, elaborado en una caja especial de la Florister\u00eda con Rosas, Snap Dragons, Yokos, Brandys, Clavellinas, Griffis, Silver, Mini Eucalipto y Leather.\" \/>\n<meta property=\"og:url\" content=\"https:\/\/floristeriamadonna.com\/?product=senal-de-amor\" \/>\n<meta property=\"og:site_name\" content=\"Florister\u00eda Madonna\" \/>\n<meta property=\"article:publisher\" content=\"https:\/\/www.facebook.com\/madonnafloristeria\" \/>\n<meta property=\"article:modified_time\" content=\"2026-01-30T06:23:19+00:00\" \/>\n<meta property=\"og:image\" content=\"https:\/\/floristeriamadonna.com\/wp-content\/uploads\/2026\/01\/WhatsApp-Image-2026-01-27-at-8.06.42-PM.jpeg\" \/>\n\t<meta property=\"og:image:width\" content=\"910\" \/>\n\t<meta property=\"og:image:height\" content=\"1280\" \/>\n\t<meta property=\"og:image:type\" content=\"image\/jpeg\" \/>\n<meta name=\"twitter:card\" content=\"summary_large_image\" \/>\n<meta name=\"twitter:label1\" content=\"Tiempo de lectura\" \/>\n\t<meta name=\"twitter:data1\" content=\"1 minuto\" \/>\n<script type=\"application\/ld+json\" class=\"yoast-schema-graph\">{\"@context\":\"https:\/\/schema.org\",\"@graph\":[{\"@type\":\"WebPage\",\"@id\":\"https:\/\/floristeriamadonna.com\/?product=senal-de-amor\",\"url\":\"https:\/\/floristeriamadonna.com\/?product=senal-de-amor\",\"name\":\"Se\u00f1al de Amor - Florister\u00eda Madonna\",\"isPartOf\":{\"@id\":\"https:\/\/floristeriamadonna.com\/#website\"},\"primaryImageOfPage\":{\"@id\":\"https:\/\/floristeriamadonna.com\/?product=senal-de-amor#primaryimage\"},\"image\":{\"@id\":\"https:\/\/floristeriamadonna.com\/?product=senal-de-amor#primaryimage\"},\"thumbnailUrl\":\"https:\/\/floristeriamadonna.com\/wp-content\/uploads\/2026\/01\/WhatsApp-Image-2026-01-27-at-8.06.42-PM.jpeg\",\"datePublished\":\"2026-01-30T01:31:57+00:00\",\"dateModified\":\"2026-01-30T06:23:19+00:00\",\"description\":\"Se\u00f1al de Amor. Dise\u00f1o premium, ideal cuando el amor gu\u00eda. Dise\u00f1o floral natural, elaborado en una caja especial de la Florister\u00eda con Rosas, Snap Dragons, Yokos, Brandys, Clavellinas, Griffis, Silver, Mini Eucalipto y Leather.\",\"breadcrumb\":{\"@id\":\"https:\/\/floristeriamadonna.com\/?product=senal-de-amor#breadcrumb\"},\"inLanguage\":\"es\",\"potentialAction\":[{\"@type\":\"ReadAction\",\"target\":[\"https:\/\/floristeriamadonna.com\/?product=senal-de-amor\"]}]},{\"@type\":\"ImageObject\",\"inLanguage\":\"es\",\"@id\":\"https:\/\/floristeriamadonna.com\/?product=senal-de-amor#primaryimage\",\"url\":\"https:\/\/floristeriamadonna.com\/wp-content\/uploads\/2026\/01\/WhatsApp-Image-2026-01-27-at-8.06.42-PM.jpeg\",\"contentUrl\":\"https:\/\/floristeriamadonna.com\/wp-content\/uploads\/2026\/01\/WhatsApp-Image-2026-01-27-at-8.06.42-PM.jpeg\",\"width\":910,\"height\":1280},{\"@type\":\"BreadcrumbList\",\"@id\":\"https:\/\/floristeriamadonna.com\/?product=senal-de-amor#breadcrumb\",\"itemListElement\":[{\"@type\":\"ListItem\",\"position\":1,\"name\":\"Inicio\",\"item\":\"https:\/\/floristeriamadonna.com\/\"},{\"@type\":\"ListItem\",\"position\":2,\"name\":\"Tienda\",\"item\":\"https:\/\/floristeriamadonna.com\/?page_id=9\"},{\"@type\":\"ListItem\",\"position\":3,\"name\":\"Se\u00f1al de Amor\"}]},{\"@type\":\"WebSite\",\"@id\":\"https:\/\/floristeriamadonna.com\/#website\",\"url\":\"https:\/\/floristeriamadonna.com\/\",\"name\":\"Florister\u00eda Madonna\",\"description\":\"\",\"publisher\":{\"@id\":\"https:\/\/floristeriamadonna.com\/#organization\"},\"potentialAction\":[{\"@type\":\"SearchAction\",\"target\":{\"@type\":\"EntryPoint\",\"urlTemplate\":\"https:\/\/floristeriamadonna.com\/?s={search_term_string}\"},\"query-input\":{\"@type\":\"PropertyValueSpecification\",\"valueRequired\":true,\"valueName\":\"search_term_string\"}}],\"inLanguage\":\"es\"},{\"@type\":\"Organization\",\"@id\":\"https:\/\/floristeriamadonna.com\/#organization\",\"name\":\"Florister\u00eda Madonna\",\"url\":\"https:\/\/floristeriamadonna.com\/\",\"logo\":{\"@type\":\"ImageObject\",\"inLanguage\":\"es\",\"@id\":\"https:\/\/floristeriamadonna.com\/#\/schema\/logo\/image\/\",\"url\":\"https:\/\/floristeriamadonna.com\/wp-content\/uploads\/2021\/12\/floristeria-madonna-logo-1581041112.png\",\"contentUrl\":\"https:\/\/floristeriamadonna.com\/wp-content\/uploads\/2021\/12\/floristeria-madonna-logo-1581041112.png\",\"width\":203,\"height\":125,\"caption\":\"Florister\u00eda Madonna\"},\"image\":{\"@id\":\"https:\/\/floristeriamadonna.com\/#\/schema\/logo\/image\/\"},\"sameAs\":[\"https:\/\/www.facebook.com\/madonnafloristeria\",\"https:\/\/www.instagram.com\/floristeriamadonna\/\"]}]}<\/script>\n<!-- \/ Yoast SEO plugin. -->","yoast_head_json":{"title":"Se\u00f1al de Amor - Florister\u00eda Madonna","description":"Se\u00f1al de Amor. Dise\u00f1o premium, ideal cuando el amor gu\u00eda. Dise\u00f1o floral natural, elaborado en una caja especial de la Florister\u00eda con Rosas, Snap Dragons, Yokos, Brandys, Clavellinas, Griffis, Silver, Mini Eucalipto y Leather.","robots":{"index":"index","follow":"follow","max-snippet":"max-snippet:-1","max-image-preview":"max-image-preview:large","max-video-preview":"max-video-preview:-1"},"canonical":"https:\/\/floristeriamadonna.com\/?product=senal-de-amor","og_locale":"es_MX","og_type":"article","og_title":"Se\u00f1al de Amor - Florister\u00eda Madonna","og_description":"Se\u00f1al de Amor. Dise\u00f1o premium, ideal cuando el amor gu\u00eda. Dise\u00f1o floral natural, elaborado en una caja especial de la Florister\u00eda con Rosas, Snap Dragons, Yokos, Brandys, Clavellinas, Griffis, Silver, Mini Eucalipto y Leather.","og_url":"https:\/\/floristeriamadonna.com\/?product=senal-de-amor","og_site_name":"Florister\u00eda Madonna","article_publisher":"https:\/\/www.facebook.com\/madonnafloristeria","article_modified_time":"2026-01-30T06:23:19+00:00","og_image":[{"width":910,"height":1280,"url":"https:\/\/floristeriamadonna.com\/wp-content\/uploads\/2026\/01\/WhatsApp-Image-2026-01-27-at-8.06.42-PM.jpeg","type":"image\/jpeg"}],"twitter_card":"summary_large_image","twitter_misc":{"Tiempo de lectura":"1 minuto"},"schema":{"@context":"https:\/\/schema.org","@graph":[{"@type":"WebPage","@id":"https:\/\/floristeriamadonna.com\/?product=senal-de-amor","url":"https:\/\/floristeriamadonna.com\/?product=senal-de-amor","name":"Se\u00f1al de Amor - Florister\u00eda Madonna","isPartOf":{"@id":"https:\/\/floristeriamadonna.com\/#website"},"primaryImageOfPage":{"@id":"https:\/\/floristeriamadonna.com\/?product=senal-de-amor#primaryimage"},"image":{"@id":"https:\/\/floristeriamadonna.com\/?product=senal-de-amor#primaryimage"},"thumbnailUrl":"https:\/\/floristeriamadonna.com\/wp-content\/uploads\/2026\/01\/WhatsApp-Image-2026-01-27-at-8.06.42-PM.jpeg","datePublished":"2026-01-30T01:31:57+00:00","dateModified":"2026-01-30T06:23:19+00:00","description":"Se\u00f1al de Amor. Dise\u00f1o premium, ideal cuando el amor gu\u00eda. Dise\u00f1o floral natural, elaborado en una caja especial de la Florister\u00eda con Rosas, Snap Dragons, Yokos, Brandys, Clavellinas, Griffis, Silver, Mini Eucalipto y Leather.","breadcrumb":{"@id":"https:\/\/floristeriamadonna.com\/?product=senal-de-amor#breadcrumb"},"inLanguage":"es","potentialAction":[{"@type":"ReadAction","target":["https:\/\/floristeriamadonna.com\/?product=senal-de-amor"]}]},{"@type":"ImageObject","inLanguage":"es","@id":"https:\/\/floristeriamadonna.com\/?product=senal-de-amor#primaryimage","url":"https:\/\/floristeriamadonna.com\/wp-content\/uploads\/2026\/01\/WhatsApp-Image-2026-01-27-at-8.06.42-PM.jpeg","contentUrl":"https:\/\/floristeriamadonna.com\/wp-content\/uploads\/2026\/01\/WhatsApp-Image-2026-01-27-at-8.06.42-PM.jpeg","width":910,"height":1280},{"@type":"BreadcrumbList","@id":"https:\/\/floristeriamadonna.com\/?product=senal-de-amor#breadcrumb","itemListElement":[{"@type":"ListItem","position":1,"name":"Inicio","item":"https:\/\/floristeriamadonna.com\/"},{"@type":"ListItem","position":2,"name":"Tienda","item":"https:\/\/floristeriamadonna.com\/?page_id=9"},{"@type":"ListItem","position":3,"name":"Se\u00f1al de Amor"}]},{"@type":"WebSite","@id":"https:\/\/floristeriamadonna.com\/#website","url":"https:\/\/floristeriamadonna.com\/","name":"Florister\u00eda Madonna","description":"","publisher":{"@id":"https:\/\/floristeriamadonna.com\/#organization"},"potentialAction":[{"@type":"SearchAction","target":{"@type":"EntryPoint","urlTemplate":"https:\/\/floristeriamadonna.com\/?s={search_term_string}"},"query-input":{"@type":"PropertyValueSpecification","valueRequired":true,"valueName":"search_term_string"}}],"inLanguage":"es"},{"@type":"Organization","@id":"https:\/\/floristeriamadonna.com\/#organization","name":"Florister\u00eda Madonna","url":"https:\/\/floristeriamadonna.com\/","logo":{"@type":"ImageObject","inLanguage":"es","@id":"https:\/\/floristeriamadonna.com\/#\/schema\/logo\/image\/","url":"https:\/\/floristeriamadonna.com\/wp-content\/uploads\/2021\/12\/floristeria-madonna-logo-1581041112.png","contentUrl":"https:\/\/floristeriamadonna.com\/wp-content\/uploads\/2021\/12\/floristeria-madonna-logo-1581041112.png","width":203,"height":125,"caption":"Florister\u00eda Madonna"},"image":{"@id":"https:\/\/floristeriamadonna.com\/#\/schema\/logo\/image\/"},"sameAs":["https:\/\/www.facebook.com\/madonnafloristeria","https:\/\/www.instagram.com\/floristeriamadonna\/"]}]}},"_links":{"self":[{"href":"https:\/\/floristeriamadonna.com\/index.php?rest_route=\/wp\/v2\/product\/11502","targetHints":{"allow":["GET"]}}],"collection":[{"href":"https:\/\/floristeriamadonna.com\/index.php?rest_route=\/wp\/v2\/product"}],"about":[{"href":"https:\/\/floristeriamadonna.com\/index.php?rest_route=\/wp\/v2\/types\/product"}],"version-history":[{"count":8,"href":"https:\/\/floristeriamadonna.com\/index.php?rest_route=\/wp\/v2\/product\/11502\/revisions"}],"predecessor-version":[{"id":11612,"href":"https:\/\/floristeriamadonna.com\/index.php?rest_route=\/wp\/v2\/product\/11502\/revisions\/11612"}],"wp:featuredmedia":[{"embeddable":true,"href":"https:\/\/floristeriamadonna.com\/index.php?rest_route=\/wp\/v2\/media\/11503"}],"wp:attachment":[{"href":"https:\/\/floristeriamadonna.com\/index.php?rest_route=%2Fwp%2Fv2%2Fmedia&parent=11502"}],"wp:term":[{"taxonomy":"product_cat","embeddable":true,"href":"https:\/\/floristeriamadonna.com\/index.php?rest_route=%2Fwp%2Fv2%2Fproduct_cat&post=11502"},{"taxonomy":"product_tag","embeddable":true,"href":"https:\/\/floristeriamadonna.com\/index.php?rest_route=%2Fwp%2Fv2%2Fproduct_tag&post=11502"}],"curies":[{"name":"wp","href":"https:\/\/api.w.org\/{rel}","templated":true}]}}