{"id":11512,"date":"2026-01-29T20:18:58","date_gmt":"2026-01-30T02:18:58","guid":{"rendered":"https:\/\/floristeriamadonna.com\/?post_type=product&#038;p=11512"},"modified":"2026-01-29T21:26:16","modified_gmt":"2026-01-30T03:26:16","slug":"mi-lindo-amor","status":"publish","type":"product","link":"https:\/\/floristeriamadonna.com\/?product=mi-lindo-amor","title":{"rendered":"Mi Lindo Amor"},"content":{"rendered":"<p>&#8220;Mi Lindo Amor&#8221;<br \/>\nDise\u00f1o Premium, donde el Amor Encuentra su Lugar.<\/p>\n<p>Dise\u00f1o floral natural, elaborado en una Caja Especial de Florister\u00eda Madonna con Rosas, Lisianthus, Roxanas, Hortencias, Veronicas, Lunetas, Dusty, Silver, Wats, Leather.<\/p>\n","protected":false},"excerpt":{"rendered":"<p>&#8220;Mi Lindo Amor&#8221; Dise\u00f1o Premium, donde el Amor Encuentra su Lugar. Dise\u00f1o floral natural, elaborado en una Caja Especial de<\/p>\n","protected":false},"featured_media":11513,"template":"","meta":[],"product_cat":[65,73,100,64,89,102],"product_tag":[],"class_list":{"0":"post-11512","1":"product","2":"type-product","3":"status-publish","4":"has-post-thumbnail","6":"product_cat-flores","7":"product_cat-rosas","8":"product_cat-amistad","9":"product_cat-amor","10":"product_cat-aniversario","11":"product_cat-cumpleanos","13":"first","14":"instock","15":"shipping-taxable","16":"purchasable","17":"product-type-simple"},"yoast_head":"<!-- This site is optimized with the Yoast SEO plugin v24.0 - https:\/\/yoast.com\/wordpress\/plugins\/seo\/ -->\n<title>Mi Lindo Amor - Florister\u00eda Madonna<\/title>\n<meta name=\"description\" content=\"&quot;Mi Lindo Amor&quot; Dise\u00f1o Premium, Donde el Amor Encuentra su Lugar. Dise\u00f1o floral natural, elaborado en una Caja Especial de Florister\u00eda Madonna con. Rosas, Roxanas, Hortencias, Veronicas, Lisiathus, Lunetas, Dusti, Silver, Wats, Leather.\u00a0\" \/>\n<meta name=\"robots\" content=\"index, follow, max-snippet:-1, max-image-preview:large, max-video-preview:-1\" \/>\n<link rel=\"canonical\" href=\"https:\/\/floristeriamadonna.com\/?product=mi-lindo-amor\" \/>\n<meta property=\"og:locale\" content=\"es_MX\" \/>\n<meta property=\"og:type\" content=\"article\" \/>\n<meta property=\"og:title\" content=\"Mi Lindo Amor - Florister\u00eda Madonna\" \/>\n<meta property=\"og:description\" content=\"&quot;Mi Lindo Amor&quot; Dise\u00f1o Premium, Donde el Amor Encuentra su Lugar. Dise\u00f1o floral natural, elaborado en una Caja Especial de Florister\u00eda Madonna con. Rosas, Roxanas, Hortencias, Veronicas, Lisiathus, Lunetas, Dusti, Silver, Wats, Leather.\u00a0\" \/>\n<meta property=\"og:url\" content=\"https:\/\/floristeriamadonna.com\/?product=mi-lindo-amor\" \/>\n<meta property=\"og:site_name\" content=\"Florister\u00eda Madonna\" \/>\n<meta property=\"article:publisher\" content=\"https:\/\/www.facebook.com\/madonnafloristeria\" \/>\n<meta property=\"article:modified_time\" content=\"2026-01-30T03:26:16+00:00\" \/>\n<meta property=\"og:image\" content=\"https:\/\/floristeriamadonna.com\/wp-content\/uploads\/2026\/01\/IMG_07751-scaled.jpg\" \/>\n\t<meta property=\"og:image:width\" content=\"1799\" \/>\n\t<meta property=\"og:image:height\" content=\"2560\" \/>\n\t<meta property=\"og:image:type\" content=\"image\/jpeg\" \/>\n<meta name=\"twitter:card\" content=\"summary_large_image\" \/>\n<meta name=\"twitter:label1\" content=\"Tiempo de lectura\" \/>\n\t<meta name=\"twitter:data1\" content=\"1 minuto\" \/>\n<script type=\"application\/ld+json\" class=\"yoast-schema-graph\">{\"@context\":\"https:\/\/schema.org\",\"@graph\":[{\"@type\":\"WebPage\",\"@id\":\"https:\/\/floristeriamadonna.com\/?product=mi-lindo-amor\",\"url\":\"https:\/\/floristeriamadonna.com\/?product=mi-lindo-amor\",\"name\":\"Mi Lindo Amor - Florister\u00eda Madonna\",\"isPartOf\":{\"@id\":\"https:\/\/floristeriamadonna.com\/#website\"},\"primaryImageOfPage\":{\"@id\":\"https:\/\/floristeriamadonna.com\/?product=mi-lindo-amor#primaryimage\"},\"image\":{\"@id\":\"https:\/\/floristeriamadonna.com\/?product=mi-lindo-amor#primaryimage\"},\"thumbnailUrl\":\"https:\/\/floristeriamadonna.com\/wp-content\/uploads\/2026\/01\/IMG_07751-scaled.jpg\",\"datePublished\":\"2026-01-30T02:18:58+00:00\",\"dateModified\":\"2026-01-30T03:26:16+00:00\",\"description\":\"\\\"Mi Lindo Amor\\\" Dise\u00f1o Premium, Donde el Amor Encuentra su Lugar. Dise\u00f1o floral natural, elaborado en una Caja Especial de Florister\u00eda Madonna con. Rosas, Roxanas, Hortencias, Veronicas, Lisiathus, Lunetas, Dusti, Silver, Wats, Leather.\u00a0\",\"breadcrumb\":{\"@id\":\"https:\/\/floristeriamadonna.com\/?product=mi-lindo-amor#breadcrumb\"},\"inLanguage\":\"es\",\"potentialAction\":[{\"@type\":\"ReadAction\",\"target\":[\"https:\/\/floristeriamadonna.com\/?product=mi-lindo-amor\"]}]},{\"@type\":\"ImageObject\",\"inLanguage\":\"es\",\"@id\":\"https:\/\/floristeriamadonna.com\/?product=mi-lindo-amor#primaryimage\",\"url\":\"https:\/\/floristeriamadonna.com\/wp-content\/uploads\/2026\/01\/IMG_07751-scaled.jpg\",\"contentUrl\":\"https:\/\/floristeriamadonna.com\/wp-content\/uploads\/2026\/01\/IMG_07751-scaled.jpg\",\"width\":1799,\"height\":2560},{\"@type\":\"BreadcrumbList\",\"@id\":\"https:\/\/floristeriamadonna.com\/?product=mi-lindo-amor#breadcrumb\",\"itemListElement\":[{\"@type\":\"ListItem\",\"position\":1,\"name\":\"Inicio\",\"item\":\"https:\/\/floristeriamadonna.com\/\"},{\"@type\":\"ListItem\",\"position\":2,\"name\":\"Tienda\",\"item\":\"https:\/\/floristeriamadonna.com\/?page_id=9\"},{\"@type\":\"ListItem\",\"position\":3,\"name\":\"Mi Lindo Amor\"}]},{\"@type\":\"WebSite\",\"@id\":\"https:\/\/floristeriamadonna.com\/#website\",\"url\":\"https:\/\/floristeriamadonna.com\/\",\"name\":\"Florister\u00eda Madonna\",\"description\":\"\",\"publisher\":{\"@id\":\"https:\/\/floristeriamadonna.com\/#organization\"},\"potentialAction\":[{\"@type\":\"SearchAction\",\"target\":{\"@type\":\"EntryPoint\",\"urlTemplate\":\"https:\/\/floristeriamadonna.com\/?s={search_term_string}\"},\"query-input\":{\"@type\":\"PropertyValueSpecification\",\"valueRequired\":true,\"valueName\":\"search_term_string\"}}],\"inLanguage\":\"es\"},{\"@type\":\"Organization\",\"@id\":\"https:\/\/floristeriamadonna.com\/#organization\",\"name\":\"Florister\u00eda Madonna\",\"url\":\"https:\/\/floristeriamadonna.com\/\",\"logo\":{\"@type\":\"ImageObject\",\"inLanguage\":\"es\",\"@id\":\"https:\/\/floristeriamadonna.com\/#\/schema\/logo\/image\/\",\"url\":\"https:\/\/floristeriamadonna.com\/wp-content\/uploads\/2021\/12\/floristeria-madonna-logo-1581041112.png\",\"contentUrl\":\"https:\/\/floristeriamadonna.com\/wp-content\/uploads\/2021\/12\/floristeria-madonna-logo-1581041112.png\",\"width\":203,\"height\":125,\"caption\":\"Florister\u00eda Madonna\"},\"image\":{\"@id\":\"https:\/\/floristeriamadonna.com\/#\/schema\/logo\/image\/\"},\"sameAs\":[\"https:\/\/www.facebook.com\/madonnafloristeria\",\"https:\/\/www.instagram.com\/floristeriamadonna\/\"]}]}<\/script>\n<!-- \/ Yoast SEO plugin. -->","yoast_head_json":{"title":"Mi Lindo Amor - Florister\u00eda Madonna","description":"\"Mi Lindo Amor\" Dise\u00f1o Premium, Donde el Amor Encuentra su Lugar. Dise\u00f1o floral natural, elaborado en una Caja Especial de Florister\u00eda Madonna con. Rosas, Roxanas, Hortencias, Veronicas, Lisiathus, Lunetas, Dusti, Silver, Wats, Leather.\u00a0","robots":{"index":"index","follow":"follow","max-snippet":"max-snippet:-1","max-image-preview":"max-image-preview:large","max-video-preview":"max-video-preview:-1"},"canonical":"https:\/\/floristeriamadonna.com\/?product=mi-lindo-amor","og_locale":"es_MX","og_type":"article","og_title":"Mi Lindo Amor - Florister\u00eda Madonna","og_description":"\"Mi Lindo Amor\" Dise\u00f1o Premium, Donde el Amor Encuentra su Lugar. Dise\u00f1o floral natural, elaborado en una Caja Especial de Florister\u00eda Madonna con. Rosas, Roxanas, Hortencias, Veronicas, Lisiathus, Lunetas, Dusti, Silver, Wats, Leather.\u00a0","og_url":"https:\/\/floristeriamadonna.com\/?product=mi-lindo-amor","og_site_name":"Florister\u00eda Madonna","article_publisher":"https:\/\/www.facebook.com\/madonnafloristeria","article_modified_time":"2026-01-30T03:26:16+00:00","og_image":[{"width":1799,"height":2560,"url":"https:\/\/floristeriamadonna.com\/wp-content\/uploads\/2026\/01\/IMG_07751-scaled.jpg","type":"image\/jpeg"}],"twitter_card":"summary_large_image","twitter_misc":{"Tiempo de lectura":"1 minuto"},"schema":{"@context":"https:\/\/schema.org","@graph":[{"@type":"WebPage","@id":"https:\/\/floristeriamadonna.com\/?product=mi-lindo-amor","url":"https:\/\/floristeriamadonna.com\/?product=mi-lindo-amor","name":"Mi Lindo Amor - Florister\u00eda Madonna","isPartOf":{"@id":"https:\/\/floristeriamadonna.com\/#website"},"primaryImageOfPage":{"@id":"https:\/\/floristeriamadonna.com\/?product=mi-lindo-amor#primaryimage"},"image":{"@id":"https:\/\/floristeriamadonna.com\/?product=mi-lindo-amor#primaryimage"},"thumbnailUrl":"https:\/\/floristeriamadonna.com\/wp-content\/uploads\/2026\/01\/IMG_07751-scaled.jpg","datePublished":"2026-01-30T02:18:58+00:00","dateModified":"2026-01-30T03:26:16+00:00","description":"\"Mi Lindo Amor\" Dise\u00f1o Premium, Donde el Amor Encuentra su Lugar. Dise\u00f1o floral natural, elaborado en una Caja Especial de Florister\u00eda Madonna con. Rosas, Roxanas, Hortencias, Veronicas, Lisiathus, Lunetas, Dusti, Silver, Wats, Leather.\u00a0","breadcrumb":{"@id":"https:\/\/floristeriamadonna.com\/?product=mi-lindo-amor#breadcrumb"},"inLanguage":"es","potentialAction":[{"@type":"ReadAction","target":["https:\/\/floristeriamadonna.com\/?product=mi-lindo-amor"]}]},{"@type":"ImageObject","inLanguage":"es","@id":"https:\/\/floristeriamadonna.com\/?product=mi-lindo-amor#primaryimage","url":"https:\/\/floristeriamadonna.com\/wp-content\/uploads\/2026\/01\/IMG_07751-scaled.jpg","contentUrl":"https:\/\/floristeriamadonna.com\/wp-content\/uploads\/2026\/01\/IMG_07751-scaled.jpg","width":1799,"height":2560},{"@type":"BreadcrumbList","@id":"https:\/\/floristeriamadonna.com\/?product=mi-lindo-amor#breadcrumb","itemListElement":[{"@type":"ListItem","position":1,"name":"Inicio","item":"https:\/\/floristeriamadonna.com\/"},{"@type":"ListItem","position":2,"name":"Tienda","item":"https:\/\/floristeriamadonna.com\/?page_id=9"},{"@type":"ListItem","position":3,"name":"Mi Lindo Amor"}]},{"@type":"WebSite","@id":"https:\/\/floristeriamadonna.com\/#website","url":"https:\/\/floristeriamadonna.com\/","name":"Florister\u00eda Madonna","description":"","publisher":{"@id":"https:\/\/floristeriamadonna.com\/#organization"},"potentialAction":[{"@type":"SearchAction","target":{"@type":"EntryPoint","urlTemplate":"https:\/\/floristeriamadonna.com\/?s={search_term_string}"},"query-input":{"@type":"PropertyValueSpecification","valueRequired":true,"valueName":"search_term_string"}}],"inLanguage":"es"},{"@type":"Organization","@id":"https:\/\/floristeriamadonna.com\/#organization","name":"Florister\u00eda Madonna","url":"https:\/\/floristeriamadonna.com\/","logo":{"@type":"ImageObject","inLanguage":"es","@id":"https:\/\/floristeriamadonna.com\/#\/schema\/logo\/image\/","url":"https:\/\/floristeriamadonna.com\/wp-content\/uploads\/2021\/12\/floristeria-madonna-logo-1581041112.png","contentUrl":"https:\/\/floristeriamadonna.com\/wp-content\/uploads\/2021\/12\/floristeria-madonna-logo-1581041112.png","width":203,"height":125,"caption":"Florister\u00eda Madonna"},"image":{"@id":"https:\/\/floristeriamadonna.com\/#\/schema\/logo\/image\/"},"sameAs":["https:\/\/www.facebook.com\/madonnafloristeria","https:\/\/www.instagram.com\/floristeriamadonna\/"]}]}},"_links":{"self":[{"href":"https:\/\/floristeriamadonna.com\/index.php?rest_route=\/wp\/v2\/product\/11512","targetHints":{"allow":["GET"]}}],"collection":[{"href":"https:\/\/floristeriamadonna.com\/index.php?rest_route=\/wp\/v2\/product"}],"about":[{"href":"https:\/\/floristeriamadonna.com\/index.php?rest_route=\/wp\/v2\/types\/product"}],"version-history":[{"count":3,"href":"https:\/\/floristeriamadonna.com\/index.php?rest_route=\/wp\/v2\/product\/11512\/revisions"}],"predecessor-version":[{"id":11517,"href":"https:\/\/floristeriamadonna.com\/index.php?rest_route=\/wp\/v2\/product\/11512\/revisions\/11517"}],"wp:featuredmedia":[{"embeddable":true,"href":"https:\/\/floristeriamadonna.com\/index.php?rest_route=\/wp\/v2\/media\/11513"}],"wp:attachment":[{"href":"https:\/\/floristeriamadonna.com\/index.php?rest_route=%2Fwp%2Fv2%2Fmedia&parent=11512"}],"wp:term":[{"taxonomy":"product_cat","embeddable":true,"href":"https:\/\/floristeriamadonna.com\/index.php?rest_route=%2Fwp%2Fv2%2Fproduct_cat&post=11512"},{"taxonomy":"product_tag","embeddable":true,"href":"https:\/\/floristeriamadonna.com\/index.php?rest_route=%2Fwp%2Fv2%2Fproduct_tag&post=11512"}],"curies":[{"name":"wp","href":"https:\/\/api.w.org\/{rel}","templated":true}]}}