{"id":11539,"date":"2026-01-29T21:49:12","date_gmt":"2026-01-30T03:49:12","guid":{"rendered":"https:\/\/floristeriamadonna.com\/?post_type=product&#038;p=11539"},"modified":"2026-01-29T21:52:08","modified_gmt":"2026-01-30T03:52:08","slug":"mi-cielo","status":"publish","type":"product","link":"https:\/\/floristeriamadonna.com\/?product=mi-cielo","title":{"rendered":"Mi Cielo"},"content":{"rendered":"<p>&#8220;Mi Cielo&#8221;<\/p>\n<p>Dise\u00f1o Premium, ideal para el Amor que Nace.<\/p>\n<p>Dise\u00f1o floral natural, elaborado en una Caja Especial de Florister\u00eda Madonna con Tulipanes, Hortencias, Lilis Oriental, Mini Rosa, Carmelita, Lunetas, Dusty, Mini Eucalipto, Silver, Wats.<\/p>\n","protected":false},"excerpt":{"rendered":"<p>&#8220;Mi Cielo&#8221; Dise\u00f1o Premium, ideal para el Amor que Nace. Dise\u00f1o floral natural, elaborado en una Caja Especial de Florister\u00eda<\/p>\n","protected":false},"featured_media":11540,"template":"","meta":[],"product_cat":[65,116,111,100,64,89,102],"product_tag":[],"class_list":{"0":"post-11539","1":"product","2":"type-product","3":"status-publish","4":"has-post-thumbnail","6":"product_cat-flores","7":"product_cat-lilis","8":"product_cat-tulipanes","9":"product_cat-amistad","10":"product_cat-amor","11":"product_cat-aniversario","12":"product_cat-cumpleanos","14":"first","15":"instock","16":"shipping-taxable","17":"purchasable","18":"product-type-simple"},"yoast_head":"<!-- This site is optimized with the Yoast SEO plugin v24.0 - https:\/\/yoast.com\/wordpress\/plugins\/seo\/ -->\n<title>Mi Cielo - Florister\u00eda Madonna<\/title>\n<meta name=\"description\" content=\"&quot;Mi Cielo&quot; Dise\u00f1o Premium, ideal para el Amor que Nace. Dise\u00f1o floral natural, elaborado en una Caja Especial de Florister\u00eda Madonna con Tulipanes, Hortencias, Lilis Oriental, Mini Rosa, Carmelita, Lunetas, Dusty, Mini Eucalipto, Silver.\" \/>\n<meta name=\"robots\" content=\"index, follow, max-snippet:-1, max-image-preview:large, max-video-preview:-1\" \/>\n<link rel=\"canonical\" href=\"https:\/\/floristeriamadonna.com\/?product=mi-cielo\" \/>\n<meta property=\"og:locale\" content=\"es_MX\" \/>\n<meta property=\"og:type\" content=\"article\" \/>\n<meta property=\"og:title\" content=\"Mi Cielo - Florister\u00eda Madonna\" \/>\n<meta property=\"og:description\" content=\"&quot;Mi Cielo&quot; Dise\u00f1o Premium, ideal para el Amor que Nace. Dise\u00f1o floral natural, elaborado en una Caja Especial de Florister\u00eda Madonna con Tulipanes, Hortencias, Lilis Oriental, Mini Rosa, Carmelita, Lunetas, Dusty, Mini Eucalipto, Silver.\" \/>\n<meta property=\"og:url\" content=\"https:\/\/floristeriamadonna.com\/?product=mi-cielo\" \/>\n<meta property=\"og:site_name\" content=\"Florister\u00eda Madonna\" \/>\n<meta property=\"article:publisher\" content=\"https:\/\/www.facebook.com\/madonnafloristeria\" \/>\n<meta property=\"article:modified_time\" content=\"2026-01-30T03:52:08+00:00\" \/>\n<meta property=\"og:image\" content=\"https:\/\/floristeriamadonna.com\/wp-content\/uploads\/2026\/01\/IMG_0782-scaled.jpg\" \/>\n\t<meta property=\"og:image:width\" content=\"1707\" \/>\n\t<meta property=\"og:image:height\" content=\"2560\" \/>\n\t<meta property=\"og:image:type\" content=\"image\/jpeg\" \/>\n<meta name=\"twitter:card\" content=\"summary_large_image\" \/>\n<meta name=\"twitter:label1\" content=\"Tiempo de lectura\" \/>\n\t<meta name=\"twitter:data1\" content=\"1 minuto\" \/>\n<script type=\"application\/ld+json\" class=\"yoast-schema-graph\">{\"@context\":\"https:\/\/schema.org\",\"@graph\":[{\"@type\":\"WebPage\",\"@id\":\"https:\/\/floristeriamadonna.com\/?product=mi-cielo\",\"url\":\"https:\/\/floristeriamadonna.com\/?product=mi-cielo\",\"name\":\"Mi Cielo - Florister\u00eda Madonna\",\"isPartOf\":{\"@id\":\"https:\/\/floristeriamadonna.com\/#website\"},\"primaryImageOfPage\":{\"@id\":\"https:\/\/floristeriamadonna.com\/?product=mi-cielo#primaryimage\"},\"image\":{\"@id\":\"https:\/\/floristeriamadonna.com\/?product=mi-cielo#primaryimage\"},\"thumbnailUrl\":\"https:\/\/floristeriamadonna.com\/wp-content\/uploads\/2026\/01\/IMG_0782-scaled.jpg\",\"datePublished\":\"2026-01-30T03:49:12+00:00\",\"dateModified\":\"2026-01-30T03:52:08+00:00\",\"description\":\"\\\"Mi Cielo\\\" Dise\u00f1o Premium, ideal para el Amor que Nace. Dise\u00f1o floral natural, elaborado en una Caja Especial de Florister\u00eda Madonna con Tulipanes, Hortencias, Lilis Oriental, Mini Rosa, Carmelita, Lunetas, Dusty, Mini Eucalipto, Silver.\",\"breadcrumb\":{\"@id\":\"https:\/\/floristeriamadonna.com\/?product=mi-cielo#breadcrumb\"},\"inLanguage\":\"es\",\"potentialAction\":[{\"@type\":\"ReadAction\",\"target\":[\"https:\/\/floristeriamadonna.com\/?product=mi-cielo\"]}]},{\"@type\":\"ImageObject\",\"inLanguage\":\"es\",\"@id\":\"https:\/\/floristeriamadonna.com\/?product=mi-cielo#primaryimage\",\"url\":\"https:\/\/floristeriamadonna.com\/wp-content\/uploads\/2026\/01\/IMG_0782-scaled.jpg\",\"contentUrl\":\"https:\/\/floristeriamadonna.com\/wp-content\/uploads\/2026\/01\/IMG_0782-scaled.jpg\",\"width\":1707,\"height\":2560},{\"@type\":\"BreadcrumbList\",\"@id\":\"https:\/\/floristeriamadonna.com\/?product=mi-cielo#breadcrumb\",\"itemListElement\":[{\"@type\":\"ListItem\",\"position\":1,\"name\":\"Inicio\",\"item\":\"https:\/\/floristeriamadonna.com\/\"},{\"@type\":\"ListItem\",\"position\":2,\"name\":\"Tienda\",\"item\":\"https:\/\/floristeriamadonna.com\/?page_id=9\"},{\"@type\":\"ListItem\",\"position\":3,\"name\":\"Mi Cielo\"}]},{\"@type\":\"WebSite\",\"@id\":\"https:\/\/floristeriamadonna.com\/#website\",\"url\":\"https:\/\/floristeriamadonna.com\/\",\"name\":\"Florister\u00eda Madonna\",\"description\":\"\",\"publisher\":{\"@id\":\"https:\/\/floristeriamadonna.com\/#organization\"},\"potentialAction\":[{\"@type\":\"SearchAction\",\"target\":{\"@type\":\"EntryPoint\",\"urlTemplate\":\"https:\/\/floristeriamadonna.com\/?s={search_term_string}\"},\"query-input\":{\"@type\":\"PropertyValueSpecification\",\"valueRequired\":true,\"valueName\":\"search_term_string\"}}],\"inLanguage\":\"es\"},{\"@type\":\"Organization\",\"@id\":\"https:\/\/floristeriamadonna.com\/#organization\",\"name\":\"Florister\u00eda Madonna\",\"url\":\"https:\/\/floristeriamadonna.com\/\",\"logo\":{\"@type\":\"ImageObject\",\"inLanguage\":\"es\",\"@id\":\"https:\/\/floristeriamadonna.com\/#\/schema\/logo\/image\/\",\"url\":\"https:\/\/floristeriamadonna.com\/wp-content\/uploads\/2021\/12\/floristeria-madonna-logo-1581041112.png\",\"contentUrl\":\"https:\/\/floristeriamadonna.com\/wp-content\/uploads\/2021\/12\/floristeria-madonna-logo-1581041112.png\",\"width\":203,\"height\":125,\"caption\":\"Florister\u00eda Madonna\"},\"image\":{\"@id\":\"https:\/\/floristeriamadonna.com\/#\/schema\/logo\/image\/\"},\"sameAs\":[\"https:\/\/www.facebook.com\/madonnafloristeria\",\"https:\/\/www.instagram.com\/floristeriamadonna\/\"]}]}<\/script>\n<!-- \/ Yoast SEO plugin. -->","yoast_head_json":{"title":"Mi Cielo - Florister\u00eda Madonna","description":"\"Mi Cielo\" Dise\u00f1o Premium, ideal para el Amor que Nace. Dise\u00f1o floral natural, elaborado en una Caja Especial de Florister\u00eda Madonna con Tulipanes, Hortencias, Lilis Oriental, Mini Rosa, Carmelita, Lunetas, Dusty, Mini Eucalipto, Silver.","robots":{"index":"index","follow":"follow","max-snippet":"max-snippet:-1","max-image-preview":"max-image-preview:large","max-video-preview":"max-video-preview:-1"},"canonical":"https:\/\/floristeriamadonna.com\/?product=mi-cielo","og_locale":"es_MX","og_type":"article","og_title":"Mi Cielo - Florister\u00eda Madonna","og_description":"\"Mi Cielo\" Dise\u00f1o Premium, ideal para el Amor que Nace. Dise\u00f1o floral natural, elaborado en una Caja Especial de Florister\u00eda Madonna con Tulipanes, Hortencias, Lilis Oriental, Mini Rosa, Carmelita, Lunetas, Dusty, Mini Eucalipto, Silver.","og_url":"https:\/\/floristeriamadonna.com\/?product=mi-cielo","og_site_name":"Florister\u00eda Madonna","article_publisher":"https:\/\/www.facebook.com\/madonnafloristeria","article_modified_time":"2026-01-30T03:52:08+00:00","og_image":[{"width":1707,"height":2560,"url":"https:\/\/floristeriamadonna.com\/wp-content\/uploads\/2026\/01\/IMG_0782-scaled.jpg","type":"image\/jpeg"}],"twitter_card":"summary_large_image","twitter_misc":{"Tiempo de lectura":"1 minuto"},"schema":{"@context":"https:\/\/schema.org","@graph":[{"@type":"WebPage","@id":"https:\/\/floristeriamadonna.com\/?product=mi-cielo","url":"https:\/\/floristeriamadonna.com\/?product=mi-cielo","name":"Mi Cielo - Florister\u00eda Madonna","isPartOf":{"@id":"https:\/\/floristeriamadonna.com\/#website"},"primaryImageOfPage":{"@id":"https:\/\/floristeriamadonna.com\/?product=mi-cielo#primaryimage"},"image":{"@id":"https:\/\/floristeriamadonna.com\/?product=mi-cielo#primaryimage"},"thumbnailUrl":"https:\/\/floristeriamadonna.com\/wp-content\/uploads\/2026\/01\/IMG_0782-scaled.jpg","datePublished":"2026-01-30T03:49:12+00:00","dateModified":"2026-01-30T03:52:08+00:00","description":"\"Mi Cielo\" Dise\u00f1o Premium, ideal para el Amor que Nace. Dise\u00f1o floral natural, elaborado en una Caja Especial de Florister\u00eda Madonna con Tulipanes, Hortencias, Lilis Oriental, Mini Rosa, Carmelita, Lunetas, Dusty, Mini Eucalipto, Silver.","breadcrumb":{"@id":"https:\/\/floristeriamadonna.com\/?product=mi-cielo#breadcrumb"},"inLanguage":"es","potentialAction":[{"@type":"ReadAction","target":["https:\/\/floristeriamadonna.com\/?product=mi-cielo"]}]},{"@type":"ImageObject","inLanguage":"es","@id":"https:\/\/floristeriamadonna.com\/?product=mi-cielo#primaryimage","url":"https:\/\/floristeriamadonna.com\/wp-content\/uploads\/2026\/01\/IMG_0782-scaled.jpg","contentUrl":"https:\/\/floristeriamadonna.com\/wp-content\/uploads\/2026\/01\/IMG_0782-scaled.jpg","width":1707,"height":2560},{"@type":"BreadcrumbList","@id":"https:\/\/floristeriamadonna.com\/?product=mi-cielo#breadcrumb","itemListElement":[{"@type":"ListItem","position":1,"name":"Inicio","item":"https:\/\/floristeriamadonna.com\/"},{"@type":"ListItem","position":2,"name":"Tienda","item":"https:\/\/floristeriamadonna.com\/?page_id=9"},{"@type":"ListItem","position":3,"name":"Mi Cielo"}]},{"@type":"WebSite","@id":"https:\/\/floristeriamadonna.com\/#website","url":"https:\/\/floristeriamadonna.com\/","name":"Florister\u00eda Madonna","description":"","publisher":{"@id":"https:\/\/floristeriamadonna.com\/#organization"},"potentialAction":[{"@type":"SearchAction","target":{"@type":"EntryPoint","urlTemplate":"https:\/\/floristeriamadonna.com\/?s={search_term_string}"},"query-input":{"@type":"PropertyValueSpecification","valueRequired":true,"valueName":"search_term_string"}}],"inLanguage":"es"},{"@type":"Organization","@id":"https:\/\/floristeriamadonna.com\/#organization","name":"Florister\u00eda Madonna","url":"https:\/\/floristeriamadonna.com\/","logo":{"@type":"ImageObject","inLanguage":"es","@id":"https:\/\/floristeriamadonna.com\/#\/schema\/logo\/image\/","url":"https:\/\/floristeriamadonna.com\/wp-content\/uploads\/2021\/12\/floristeria-madonna-logo-1581041112.png","contentUrl":"https:\/\/floristeriamadonna.com\/wp-content\/uploads\/2021\/12\/floristeria-madonna-logo-1581041112.png","width":203,"height":125,"caption":"Florister\u00eda Madonna"},"image":{"@id":"https:\/\/floristeriamadonna.com\/#\/schema\/logo\/image\/"},"sameAs":["https:\/\/www.facebook.com\/madonnafloristeria","https:\/\/www.instagram.com\/floristeriamadonna\/"]}]}},"_links":{"self":[{"href":"https:\/\/floristeriamadonna.com\/index.php?rest_route=\/wp\/v2\/product\/11539","targetHints":{"allow":["GET"]}}],"collection":[{"href":"https:\/\/floristeriamadonna.com\/index.php?rest_route=\/wp\/v2\/product"}],"about":[{"href":"https:\/\/floristeriamadonna.com\/index.php?rest_route=\/wp\/v2\/types\/product"}],"version-history":[{"count":4,"href":"https:\/\/floristeriamadonna.com\/index.php?rest_route=\/wp\/v2\/product\/11539\/revisions"}],"predecessor-version":[{"id":11545,"href":"https:\/\/floristeriamadonna.com\/index.php?rest_route=\/wp\/v2\/product\/11539\/revisions\/11545"}],"wp:featuredmedia":[{"embeddable":true,"href":"https:\/\/floristeriamadonna.com\/index.php?rest_route=\/wp\/v2\/media\/11540"}],"wp:attachment":[{"href":"https:\/\/floristeriamadonna.com\/index.php?rest_route=%2Fwp%2Fv2%2Fmedia&parent=11539"}],"wp:term":[{"taxonomy":"product_cat","embeddable":true,"href":"https:\/\/floristeriamadonna.com\/index.php?rest_route=%2Fwp%2Fv2%2Fproduct_cat&post=11539"},{"taxonomy":"product_tag","embeddable":true,"href":"https:\/\/floristeriamadonna.com\/index.php?rest_route=%2Fwp%2Fv2%2Fproduct_tag&post=11539"}],"curies":[{"name":"wp","href":"https:\/\/api.w.org\/{rel}","templated":true}]}}