{"id":11600,"date":"2026-01-30T00:10:58","date_gmt":"2026-01-30T06:10:58","guid":{"rendered":"https:\/\/floristeriamadonna.com\/?post_type=product&#038;p=11600"},"modified":"2026-01-30T00:19:29","modified_gmt":"2026-01-30T06:19:29","slug":"planta-union","status":"publish","type":"product","link":"https:\/\/floristeriamadonna.com\/?product=planta-union","title":{"rendered":"Planta Uni\u00f3n"},"content":{"rendered":"<p>&#8220;Planta Uni\u00f3n&#8221;<\/p>\n<p>Dise\u00f1o premium, Planta ideal para recordar el Amor.<\/p>\n<p>Planta de Orqu\u00eddea Phanelopsis con follajes decorativos permanentes en una base de Cer\u00e1mica.<\/p>\n<p>Preguntar por colores de Plantas.<\/p>\n","protected":false},"excerpt":{"rendered":"<p>&#8220;Planta Uni\u00f3n&#8221; Dise\u00f1o premium, Planta ideal para recordar el Amor. Planta de Orqu\u00eddea Phanelopsis con follajes decorativos permanentes en una<\/p>\n","protected":false},"featured_media":11601,"template":"","meta":[],"product_cat":[65,97,100,64,89,102],"product_tag":[],"class_list":{"0":"post-11600","1":"product","2":"type-product","3":"status-publish","4":"has-post-thumbnail","6":"product_cat-flores","7":"product_cat-orquideas","8":"product_cat-amistad","9":"product_cat-amor","10":"product_cat-aniversario","11":"product_cat-cumpleanos","13":"first","14":"instock","15":"shipping-taxable","16":"purchasable","17":"product-type-simple"},"yoast_head":"<!-- This site is optimized with the Yoast SEO plugin v24.0 - https:\/\/yoast.com\/wordpress\/plugins\/seo\/ -->\n<title>Planta Uni\u00f3n - Florister\u00eda Madonna<\/title>\n<meta name=\"description\" content=\"&quot;Planta Uni\u00f3n&quot; Dise\u00f1o premium, Planta ideal para recordar el Amor. Planta de Orquidea Phanelopsis con follajes decorativos permanentes en una base de ceremica. Preguntar por colores de Plantas.\" \/>\n<meta name=\"robots\" content=\"index, follow, max-snippet:-1, max-image-preview:large, max-video-preview:-1\" \/>\n<link rel=\"canonical\" href=\"https:\/\/floristeriamadonna.com\/?product=planta-union\" \/>\n<meta property=\"og:locale\" content=\"es_MX\" \/>\n<meta property=\"og:type\" content=\"article\" \/>\n<meta property=\"og:title\" content=\"Planta Uni\u00f3n - Florister\u00eda Madonna\" \/>\n<meta property=\"og:description\" content=\"&quot;Planta Uni\u00f3n&quot; Dise\u00f1o premium, Planta ideal para recordar el Amor. Planta de Orquidea Phanelopsis con follajes decorativos permanentes en una base de ceremica. Preguntar por colores de Plantas.\" \/>\n<meta property=\"og:url\" content=\"https:\/\/floristeriamadonna.com\/?product=planta-union\" \/>\n<meta property=\"og:site_name\" content=\"Florister\u00eda Madonna\" \/>\n<meta property=\"article:publisher\" content=\"https:\/\/www.facebook.com\/madonnafloristeria\" \/>\n<meta property=\"article:modified_time\" content=\"2026-01-30T06:19:29+00:00\" \/>\n<meta property=\"og:image\" content=\"https:\/\/floristeriamadonna.com\/wp-content\/uploads\/2026\/01\/IMG_0824-scaled.jpg\" \/>\n\t<meta property=\"og:image:width\" content=\"1707\" \/>\n\t<meta property=\"og:image:height\" content=\"2560\" \/>\n\t<meta property=\"og:image:type\" content=\"image\/jpeg\" \/>\n<meta name=\"twitter:card\" content=\"summary_large_image\" \/>\n<meta name=\"twitter:label1\" content=\"Tiempo de lectura\" \/>\n\t<meta name=\"twitter:data1\" content=\"1 minuto\" \/>\n<script type=\"application\/ld+json\" class=\"yoast-schema-graph\">{\"@context\":\"https:\/\/schema.org\",\"@graph\":[{\"@type\":\"WebPage\",\"@id\":\"https:\/\/floristeriamadonna.com\/?product=planta-union\",\"url\":\"https:\/\/floristeriamadonna.com\/?product=planta-union\",\"name\":\"Planta Uni\u00f3n - Florister\u00eda Madonna\",\"isPartOf\":{\"@id\":\"https:\/\/floristeriamadonna.com\/#website\"},\"primaryImageOfPage\":{\"@id\":\"https:\/\/floristeriamadonna.com\/?product=planta-union#primaryimage\"},\"image\":{\"@id\":\"https:\/\/floristeriamadonna.com\/?product=planta-union#primaryimage\"},\"thumbnailUrl\":\"https:\/\/floristeriamadonna.com\/wp-content\/uploads\/2026\/01\/IMG_0824-scaled.jpg\",\"datePublished\":\"2026-01-30T06:10:58+00:00\",\"dateModified\":\"2026-01-30T06:19:29+00:00\",\"description\":\"\\\"Planta Uni\u00f3n\\\" Dise\u00f1o premium, Planta ideal para recordar el Amor. Planta de Orquidea Phanelopsis con follajes decorativos permanentes en una base de ceremica. Preguntar por colores de Plantas.\",\"breadcrumb\":{\"@id\":\"https:\/\/floristeriamadonna.com\/?product=planta-union#breadcrumb\"},\"inLanguage\":\"es\",\"potentialAction\":[{\"@type\":\"ReadAction\",\"target\":[\"https:\/\/floristeriamadonna.com\/?product=planta-union\"]}]},{\"@type\":\"ImageObject\",\"inLanguage\":\"es\",\"@id\":\"https:\/\/floristeriamadonna.com\/?product=planta-union#primaryimage\",\"url\":\"https:\/\/floristeriamadonna.com\/wp-content\/uploads\/2026\/01\/IMG_0824-scaled.jpg\",\"contentUrl\":\"https:\/\/floristeriamadonna.com\/wp-content\/uploads\/2026\/01\/IMG_0824-scaled.jpg\",\"width\":1707,\"height\":2560},{\"@type\":\"BreadcrumbList\",\"@id\":\"https:\/\/floristeriamadonna.com\/?product=planta-union#breadcrumb\",\"itemListElement\":[{\"@type\":\"ListItem\",\"position\":1,\"name\":\"Inicio\",\"item\":\"https:\/\/floristeriamadonna.com\/\"},{\"@type\":\"ListItem\",\"position\":2,\"name\":\"Tienda\",\"item\":\"https:\/\/floristeriamadonna.com\/?page_id=9\"},{\"@type\":\"ListItem\",\"position\":3,\"name\":\"Planta Uni\u00f3n\"}]},{\"@type\":\"WebSite\",\"@id\":\"https:\/\/floristeriamadonna.com\/#website\",\"url\":\"https:\/\/floristeriamadonna.com\/\",\"name\":\"Florister\u00eda Madonna\",\"description\":\"\",\"publisher\":{\"@id\":\"https:\/\/floristeriamadonna.com\/#organization\"},\"potentialAction\":[{\"@type\":\"SearchAction\",\"target\":{\"@type\":\"EntryPoint\",\"urlTemplate\":\"https:\/\/floristeriamadonna.com\/?s={search_term_string}\"},\"query-input\":{\"@type\":\"PropertyValueSpecification\",\"valueRequired\":true,\"valueName\":\"search_term_string\"}}],\"inLanguage\":\"es\"},{\"@type\":\"Organization\",\"@id\":\"https:\/\/floristeriamadonna.com\/#organization\",\"name\":\"Florister\u00eda Madonna\",\"url\":\"https:\/\/floristeriamadonna.com\/\",\"logo\":{\"@type\":\"ImageObject\",\"inLanguage\":\"es\",\"@id\":\"https:\/\/floristeriamadonna.com\/#\/schema\/logo\/image\/\",\"url\":\"https:\/\/floristeriamadonna.com\/wp-content\/uploads\/2021\/12\/floristeria-madonna-logo-1581041112.png\",\"contentUrl\":\"https:\/\/floristeriamadonna.com\/wp-content\/uploads\/2021\/12\/floristeria-madonna-logo-1581041112.png\",\"width\":203,\"height\":125,\"caption\":\"Florister\u00eda Madonna\"},\"image\":{\"@id\":\"https:\/\/floristeriamadonna.com\/#\/schema\/logo\/image\/\"},\"sameAs\":[\"https:\/\/www.facebook.com\/madonnafloristeria\",\"https:\/\/www.instagram.com\/floristeriamadonna\/\"]}]}<\/script>\n<!-- \/ Yoast SEO plugin. -->","yoast_head_json":{"title":"Planta Uni\u00f3n - Florister\u00eda Madonna","description":"\"Planta Uni\u00f3n\" Dise\u00f1o premium, Planta ideal para recordar el Amor. Planta de Orquidea Phanelopsis con follajes decorativos permanentes en una base de ceremica. Preguntar por colores de Plantas.","robots":{"index":"index","follow":"follow","max-snippet":"max-snippet:-1","max-image-preview":"max-image-preview:large","max-video-preview":"max-video-preview:-1"},"canonical":"https:\/\/floristeriamadonna.com\/?product=planta-union","og_locale":"es_MX","og_type":"article","og_title":"Planta Uni\u00f3n - Florister\u00eda Madonna","og_description":"\"Planta Uni\u00f3n\" Dise\u00f1o premium, Planta ideal para recordar el Amor. Planta de Orquidea Phanelopsis con follajes decorativos permanentes en una base de ceremica. Preguntar por colores de Plantas.","og_url":"https:\/\/floristeriamadonna.com\/?product=planta-union","og_site_name":"Florister\u00eda Madonna","article_publisher":"https:\/\/www.facebook.com\/madonnafloristeria","article_modified_time":"2026-01-30T06:19:29+00:00","og_image":[{"width":1707,"height":2560,"url":"https:\/\/floristeriamadonna.com\/wp-content\/uploads\/2026\/01\/IMG_0824-scaled.jpg","type":"image\/jpeg"}],"twitter_card":"summary_large_image","twitter_misc":{"Tiempo de lectura":"1 minuto"},"schema":{"@context":"https:\/\/schema.org","@graph":[{"@type":"WebPage","@id":"https:\/\/floristeriamadonna.com\/?product=planta-union","url":"https:\/\/floristeriamadonna.com\/?product=planta-union","name":"Planta Uni\u00f3n - Florister\u00eda Madonna","isPartOf":{"@id":"https:\/\/floristeriamadonna.com\/#website"},"primaryImageOfPage":{"@id":"https:\/\/floristeriamadonna.com\/?product=planta-union#primaryimage"},"image":{"@id":"https:\/\/floristeriamadonna.com\/?product=planta-union#primaryimage"},"thumbnailUrl":"https:\/\/floristeriamadonna.com\/wp-content\/uploads\/2026\/01\/IMG_0824-scaled.jpg","datePublished":"2026-01-30T06:10:58+00:00","dateModified":"2026-01-30T06:19:29+00:00","description":"\"Planta Uni\u00f3n\" Dise\u00f1o premium, Planta ideal para recordar el Amor. Planta de Orquidea Phanelopsis con follajes decorativos permanentes en una base de ceremica. Preguntar por colores de Plantas.","breadcrumb":{"@id":"https:\/\/floristeriamadonna.com\/?product=planta-union#breadcrumb"},"inLanguage":"es","potentialAction":[{"@type":"ReadAction","target":["https:\/\/floristeriamadonna.com\/?product=planta-union"]}]},{"@type":"ImageObject","inLanguage":"es","@id":"https:\/\/floristeriamadonna.com\/?product=planta-union#primaryimage","url":"https:\/\/floristeriamadonna.com\/wp-content\/uploads\/2026\/01\/IMG_0824-scaled.jpg","contentUrl":"https:\/\/floristeriamadonna.com\/wp-content\/uploads\/2026\/01\/IMG_0824-scaled.jpg","width":1707,"height":2560},{"@type":"BreadcrumbList","@id":"https:\/\/floristeriamadonna.com\/?product=planta-union#breadcrumb","itemListElement":[{"@type":"ListItem","position":1,"name":"Inicio","item":"https:\/\/floristeriamadonna.com\/"},{"@type":"ListItem","position":2,"name":"Tienda","item":"https:\/\/floristeriamadonna.com\/?page_id=9"},{"@type":"ListItem","position":3,"name":"Planta Uni\u00f3n"}]},{"@type":"WebSite","@id":"https:\/\/floristeriamadonna.com\/#website","url":"https:\/\/floristeriamadonna.com\/","name":"Florister\u00eda Madonna","description":"","publisher":{"@id":"https:\/\/floristeriamadonna.com\/#organization"},"potentialAction":[{"@type":"SearchAction","target":{"@type":"EntryPoint","urlTemplate":"https:\/\/floristeriamadonna.com\/?s={search_term_string}"},"query-input":{"@type":"PropertyValueSpecification","valueRequired":true,"valueName":"search_term_string"}}],"inLanguage":"es"},{"@type":"Organization","@id":"https:\/\/floristeriamadonna.com\/#organization","name":"Florister\u00eda Madonna","url":"https:\/\/floristeriamadonna.com\/","logo":{"@type":"ImageObject","inLanguage":"es","@id":"https:\/\/floristeriamadonna.com\/#\/schema\/logo\/image\/","url":"https:\/\/floristeriamadonna.com\/wp-content\/uploads\/2021\/12\/floristeria-madonna-logo-1581041112.png","contentUrl":"https:\/\/floristeriamadonna.com\/wp-content\/uploads\/2021\/12\/floristeria-madonna-logo-1581041112.png","width":203,"height":125,"caption":"Florister\u00eda Madonna"},"image":{"@id":"https:\/\/floristeriamadonna.com\/#\/schema\/logo\/image\/"},"sameAs":["https:\/\/www.facebook.com\/madonnafloristeria","https:\/\/www.instagram.com\/floristeriamadonna\/"]}]}},"_links":{"self":[{"href":"https:\/\/floristeriamadonna.com\/index.php?rest_route=\/wp\/v2\/product\/11600","targetHints":{"allow":["GET"]}}],"collection":[{"href":"https:\/\/floristeriamadonna.com\/index.php?rest_route=\/wp\/v2\/product"}],"about":[{"href":"https:\/\/floristeriamadonna.com\/index.php?rest_route=\/wp\/v2\/types\/product"}],"version-history":[{"count":3,"href":"https:\/\/floristeriamadonna.com\/index.php?rest_route=\/wp\/v2\/product\/11600\/revisions"}],"predecessor-version":[{"id":11611,"href":"https:\/\/floristeriamadonna.com\/index.php?rest_route=\/wp\/v2\/product\/11600\/revisions\/11611"}],"wp:featuredmedia":[{"embeddable":true,"href":"https:\/\/floristeriamadonna.com\/index.php?rest_route=\/wp\/v2\/media\/11601"}],"wp:attachment":[{"href":"https:\/\/floristeriamadonna.com\/index.php?rest_route=%2Fwp%2Fv2%2Fmedia&parent=11600"}],"wp:term":[{"taxonomy":"product_cat","embeddable":true,"href":"https:\/\/floristeriamadonna.com\/index.php?rest_route=%2Fwp%2Fv2%2Fproduct_cat&post=11600"},{"taxonomy":"product_tag","embeddable":true,"href":"https:\/\/floristeriamadonna.com\/index.php?rest_route=%2Fwp%2Fv2%2Fproduct_tag&post=11600"}],"curies":[{"name":"wp","href":"https:\/\/api.w.org\/{rel}","templated":true}]}}