{"id":11832,"date":"2026-04-22T13:23:55","date_gmt":"2026-04-22T19:23:55","guid":{"rendered":"https:\/\/floristeriamadonna.com\/?post_type=product&#038;p=11832"},"modified":"2026-04-22T13:23:55","modified_gmt":"2026-04-22T19:23:55","slug":"dulce-abrazo","status":"publish","type":"product","link":"https:\/\/floristeriamadonna.com\/?product=dulce-abrazo","title":{"rendered":"Dulce Abrazo"},"content":{"rendered":"<p>Dulce Abrazo es un dise\u00f1o floral natural que combina la delicadeza de las rosas con la elegancia de las orqu\u00eddeas, creando una composici\u00f3n suave, armoniosa y llena de significado. Cada detalle ha sido pensado para transmitir amor, ternura y esa conexi\u00f3n \u00fanica que solo existe con mam\u00e1.<\/p>\n","protected":false},"excerpt":{"rendered":"<p>Dulce Abrazo es un dise\u00f1o floral natural que combina la delicadeza de las rosas con la elegancia de las orqu\u00eddeas,<\/p>\n","protected":false},"featured_media":11834,"template":"","meta":[],"product_cat":[149,97,73],"product_tag":[],"class_list":{"0":"post-11832","1":"product","2":"type-product","3":"status-publish","4":"has-post-thumbnail","6":"product_cat-dia-de-las-madres","7":"product_cat-orquideas","8":"product_cat-rosas","10":"first","11":"instock","12":"shipping-taxable","13":"purchasable","14":"product-type-simple"},"yoast_head":"<!-- This site is optimized with the Yoast SEO plugin v24.0 - https:\/\/yoast.com\/wordpress\/plugins\/seo\/ -->\n<title>Dulce Abrazo - Florister\u00eda Madonna<\/title>\n<meta name=\"description\" content=\"Dulce Abrazo es un dise\u00f1o floral natural que combina la delicadeza de las rosas con la elegancia de las orqu\u00eddeas, creando una composici\u00f3n suave, armoniosa y llena de significado. Cada detalle ha sido pensado para transmitir amor, ternura y esa conexi\u00f3n \u00fanica que solo existe con mam\u00e1.\" \/>\n<meta name=\"robots\" content=\"index, follow, max-snippet:-1, max-image-preview:large, max-video-preview:-1\" \/>\n<link rel=\"canonical\" href=\"https:\/\/floristeriamadonna.com\/?product=dulce-abrazo\" \/>\n<meta property=\"og:locale\" content=\"es_MX\" \/>\n<meta property=\"og:type\" content=\"article\" \/>\n<meta property=\"og:title\" content=\"Dulce Abrazo - Florister\u00eda Madonna\" \/>\n<meta property=\"og:description\" content=\"Dulce Abrazo es un dise\u00f1o floral natural que combina la delicadeza de las rosas con la elegancia de las orqu\u00eddeas, creando una composici\u00f3n suave, armoniosa y llena de significado. Cada detalle ha sido pensado para transmitir amor, ternura y esa conexi\u00f3n \u00fanica que solo existe con mam\u00e1.\" \/>\n<meta property=\"og:url\" content=\"https:\/\/floristeriamadonna.com\/?product=dulce-abrazo\" \/>\n<meta property=\"og:site_name\" content=\"Florister\u00eda Madonna\" \/>\n<meta property=\"article:publisher\" content=\"https:\/\/www.facebook.com\/madonnafloristeria\" \/>\n<meta property=\"og:image\" content=\"https:\/\/floristeriamadonna.com\/wp-content\/uploads\/2026\/04\/WhatsApp-Image-2026-04-22-at-1.14.13-PM-1-scaled.jpeg\" \/>\n\t<meta property=\"og:image:width\" content=\"2560\" \/>\n\t<meta property=\"og:image:height\" content=\"1707\" \/>\n\t<meta property=\"og:image:type\" content=\"image\/jpeg\" \/>\n<meta name=\"twitter:card\" content=\"summary_large_image\" \/>\n<meta name=\"twitter:label1\" content=\"Tiempo de lectura\" \/>\n\t<meta name=\"twitter:data1\" content=\"1 minuto\" \/>\n<script type=\"application\/ld+json\" class=\"yoast-schema-graph\">{\"@context\":\"https:\/\/schema.org\",\"@graph\":[{\"@type\":\"WebPage\",\"@id\":\"https:\/\/floristeriamadonna.com\/?product=dulce-abrazo\",\"url\":\"https:\/\/floristeriamadonna.com\/?product=dulce-abrazo\",\"name\":\"Dulce Abrazo - Florister\u00eda Madonna\",\"isPartOf\":{\"@id\":\"https:\/\/floristeriamadonna.com\/#website\"},\"primaryImageOfPage\":{\"@id\":\"https:\/\/floristeriamadonna.com\/?product=dulce-abrazo#primaryimage\"},\"image\":{\"@id\":\"https:\/\/floristeriamadonna.com\/?product=dulce-abrazo#primaryimage\"},\"thumbnailUrl\":\"https:\/\/floristeriamadonna.com\/wp-content\/uploads\/2026\/04\/WhatsApp-Image-2026-04-22-at-1.14.13-PM-1-scaled.jpeg\",\"datePublished\":\"2026-04-22T19:23:55+00:00\",\"dateModified\":\"2026-04-22T19:23:55+00:00\",\"description\":\"Dulce Abrazo es un dise\u00f1o floral natural que combina la delicadeza de las rosas con la elegancia de las orqu\u00eddeas, creando una composici\u00f3n suave, armoniosa y llena de significado. Cada detalle ha sido pensado para transmitir amor, ternura y esa conexi\u00f3n \u00fanica que solo existe con mam\u00e1.\",\"breadcrumb\":{\"@id\":\"https:\/\/floristeriamadonna.com\/?product=dulce-abrazo#breadcrumb\"},\"inLanguage\":\"es\",\"potentialAction\":[{\"@type\":\"ReadAction\",\"target\":[\"https:\/\/floristeriamadonna.com\/?product=dulce-abrazo\"]}]},{\"@type\":\"ImageObject\",\"inLanguage\":\"es\",\"@id\":\"https:\/\/floristeriamadonna.com\/?product=dulce-abrazo#primaryimage\",\"url\":\"https:\/\/floristeriamadonna.com\/wp-content\/uploads\/2026\/04\/WhatsApp-Image-2026-04-22-at-1.14.13-PM-1-scaled.jpeg\",\"contentUrl\":\"https:\/\/floristeriamadonna.com\/wp-content\/uploads\/2026\/04\/WhatsApp-Image-2026-04-22-at-1.14.13-PM-1-scaled.jpeg\",\"width\":2560,\"height\":1707},{\"@type\":\"BreadcrumbList\",\"@id\":\"https:\/\/floristeriamadonna.com\/?product=dulce-abrazo#breadcrumb\",\"itemListElement\":[{\"@type\":\"ListItem\",\"position\":1,\"name\":\"Inicio\",\"item\":\"https:\/\/floristeriamadonna.com\/\"},{\"@type\":\"ListItem\",\"position\":2,\"name\":\"Tienda\",\"item\":\"https:\/\/floristeriamadonna.com\/?page_id=9\"},{\"@type\":\"ListItem\",\"position\":3,\"name\":\"Dulce Abrazo\"}]},{\"@type\":\"WebSite\",\"@id\":\"https:\/\/floristeriamadonna.com\/#website\",\"url\":\"https:\/\/floristeriamadonna.com\/\",\"name\":\"Florister\u00eda Madonna\",\"description\":\"\",\"publisher\":{\"@id\":\"https:\/\/floristeriamadonna.com\/#organization\"},\"potentialAction\":[{\"@type\":\"SearchAction\",\"target\":{\"@type\":\"EntryPoint\",\"urlTemplate\":\"https:\/\/floristeriamadonna.com\/?s={search_term_string}\"},\"query-input\":{\"@type\":\"PropertyValueSpecification\",\"valueRequired\":true,\"valueName\":\"search_term_string\"}}],\"inLanguage\":\"es\"},{\"@type\":\"Organization\",\"@id\":\"https:\/\/floristeriamadonna.com\/#organization\",\"name\":\"Florister\u00eda Madonna\",\"url\":\"https:\/\/floristeriamadonna.com\/\",\"logo\":{\"@type\":\"ImageObject\",\"inLanguage\":\"es\",\"@id\":\"https:\/\/floristeriamadonna.com\/#\/schema\/logo\/image\/\",\"url\":\"https:\/\/floristeriamadonna.com\/wp-content\/uploads\/2021\/12\/floristeria-madonna-logo-1581041112.png\",\"contentUrl\":\"https:\/\/floristeriamadonna.com\/wp-content\/uploads\/2021\/12\/floristeria-madonna-logo-1581041112.png\",\"width\":203,\"height\":125,\"caption\":\"Florister\u00eda Madonna\"},\"image\":{\"@id\":\"https:\/\/floristeriamadonna.com\/#\/schema\/logo\/image\/\"},\"sameAs\":[\"https:\/\/www.facebook.com\/madonnafloristeria\",\"https:\/\/www.instagram.com\/floristeriamadonna\/\"]}]}<\/script>\n<!-- \/ Yoast SEO plugin. -->","yoast_head_json":{"title":"Dulce Abrazo - Florister\u00eda Madonna","description":"Dulce Abrazo es un dise\u00f1o floral natural que combina la delicadeza de las rosas con la elegancia de las orqu\u00eddeas, creando una composici\u00f3n suave, armoniosa y llena de significado. Cada detalle ha sido pensado para transmitir amor, ternura y esa conexi\u00f3n \u00fanica que solo existe con mam\u00e1.","robots":{"index":"index","follow":"follow","max-snippet":"max-snippet:-1","max-image-preview":"max-image-preview:large","max-video-preview":"max-video-preview:-1"},"canonical":"https:\/\/floristeriamadonna.com\/?product=dulce-abrazo","og_locale":"es_MX","og_type":"article","og_title":"Dulce Abrazo - Florister\u00eda Madonna","og_description":"Dulce Abrazo es un dise\u00f1o floral natural que combina la delicadeza de las rosas con la elegancia de las orqu\u00eddeas, creando una composici\u00f3n suave, armoniosa y llena de significado. Cada detalle ha sido pensado para transmitir amor, ternura y esa conexi\u00f3n \u00fanica que solo existe con mam\u00e1.","og_url":"https:\/\/floristeriamadonna.com\/?product=dulce-abrazo","og_site_name":"Florister\u00eda Madonna","article_publisher":"https:\/\/www.facebook.com\/madonnafloristeria","og_image":[{"width":2560,"height":1707,"url":"https:\/\/floristeriamadonna.com\/wp-content\/uploads\/2026\/04\/WhatsApp-Image-2026-04-22-at-1.14.13-PM-1-scaled.jpeg","type":"image\/jpeg"}],"twitter_card":"summary_large_image","twitter_misc":{"Tiempo de lectura":"1 minuto"},"schema":{"@context":"https:\/\/schema.org","@graph":[{"@type":"WebPage","@id":"https:\/\/floristeriamadonna.com\/?product=dulce-abrazo","url":"https:\/\/floristeriamadonna.com\/?product=dulce-abrazo","name":"Dulce Abrazo - Florister\u00eda Madonna","isPartOf":{"@id":"https:\/\/floristeriamadonna.com\/#website"},"primaryImageOfPage":{"@id":"https:\/\/floristeriamadonna.com\/?product=dulce-abrazo#primaryimage"},"image":{"@id":"https:\/\/floristeriamadonna.com\/?product=dulce-abrazo#primaryimage"},"thumbnailUrl":"https:\/\/floristeriamadonna.com\/wp-content\/uploads\/2026\/04\/WhatsApp-Image-2026-04-22-at-1.14.13-PM-1-scaled.jpeg","datePublished":"2026-04-22T19:23:55+00:00","dateModified":"2026-04-22T19:23:55+00:00","description":"Dulce Abrazo es un dise\u00f1o floral natural que combina la delicadeza de las rosas con la elegancia de las orqu\u00eddeas, creando una composici\u00f3n suave, armoniosa y llena de significado. Cada detalle ha sido pensado para transmitir amor, ternura y esa conexi\u00f3n \u00fanica que solo existe con mam\u00e1.","breadcrumb":{"@id":"https:\/\/floristeriamadonna.com\/?product=dulce-abrazo#breadcrumb"},"inLanguage":"es","potentialAction":[{"@type":"ReadAction","target":["https:\/\/floristeriamadonna.com\/?product=dulce-abrazo"]}]},{"@type":"ImageObject","inLanguage":"es","@id":"https:\/\/floristeriamadonna.com\/?product=dulce-abrazo#primaryimage","url":"https:\/\/floristeriamadonna.com\/wp-content\/uploads\/2026\/04\/WhatsApp-Image-2026-04-22-at-1.14.13-PM-1-scaled.jpeg","contentUrl":"https:\/\/floristeriamadonna.com\/wp-content\/uploads\/2026\/04\/WhatsApp-Image-2026-04-22-at-1.14.13-PM-1-scaled.jpeg","width":2560,"height":1707},{"@type":"BreadcrumbList","@id":"https:\/\/floristeriamadonna.com\/?product=dulce-abrazo#breadcrumb","itemListElement":[{"@type":"ListItem","position":1,"name":"Inicio","item":"https:\/\/floristeriamadonna.com\/"},{"@type":"ListItem","position":2,"name":"Tienda","item":"https:\/\/floristeriamadonna.com\/?page_id=9"},{"@type":"ListItem","position":3,"name":"Dulce Abrazo"}]},{"@type":"WebSite","@id":"https:\/\/floristeriamadonna.com\/#website","url":"https:\/\/floristeriamadonna.com\/","name":"Florister\u00eda Madonna","description":"","publisher":{"@id":"https:\/\/floristeriamadonna.com\/#organization"},"potentialAction":[{"@type":"SearchAction","target":{"@type":"EntryPoint","urlTemplate":"https:\/\/floristeriamadonna.com\/?s={search_term_string}"},"query-input":{"@type":"PropertyValueSpecification","valueRequired":true,"valueName":"search_term_string"}}],"inLanguage":"es"},{"@type":"Organization","@id":"https:\/\/floristeriamadonna.com\/#organization","name":"Florister\u00eda Madonna","url":"https:\/\/floristeriamadonna.com\/","logo":{"@type":"ImageObject","inLanguage":"es","@id":"https:\/\/floristeriamadonna.com\/#\/schema\/logo\/image\/","url":"https:\/\/floristeriamadonna.com\/wp-content\/uploads\/2021\/12\/floristeria-madonna-logo-1581041112.png","contentUrl":"https:\/\/floristeriamadonna.com\/wp-content\/uploads\/2021\/12\/floristeria-madonna-logo-1581041112.png","width":203,"height":125,"caption":"Florister\u00eda Madonna"},"image":{"@id":"https:\/\/floristeriamadonna.com\/#\/schema\/logo\/image\/"},"sameAs":["https:\/\/www.facebook.com\/madonnafloristeria","https:\/\/www.instagram.com\/floristeriamadonna\/"]}]}},"_links":{"self":[{"href":"https:\/\/floristeriamadonna.com\/index.php?rest_route=\/wp\/v2\/product\/11832","targetHints":{"allow":["GET"]}}],"collection":[{"href":"https:\/\/floristeriamadonna.com\/index.php?rest_route=\/wp\/v2\/product"}],"about":[{"href":"https:\/\/floristeriamadonna.com\/index.php?rest_route=\/wp\/v2\/types\/product"}],"version-history":[{"count":1,"href":"https:\/\/floristeriamadonna.com\/index.php?rest_route=\/wp\/v2\/product\/11832\/revisions"}],"predecessor-version":[{"id":11836,"href":"https:\/\/floristeriamadonna.com\/index.php?rest_route=\/wp\/v2\/product\/11832\/revisions\/11836"}],"wp:featuredmedia":[{"embeddable":true,"href":"https:\/\/floristeriamadonna.com\/index.php?rest_route=\/wp\/v2\/media\/11834"}],"wp:attachment":[{"href":"https:\/\/floristeriamadonna.com\/index.php?rest_route=%2Fwp%2Fv2%2Fmedia&parent=11832"}],"wp:term":[{"taxonomy":"product_cat","embeddable":true,"href":"https:\/\/floristeriamadonna.com\/index.php?rest_route=%2Fwp%2Fv2%2Fproduct_cat&post=11832"},{"taxonomy":"product_tag","embeddable":true,"href":"https:\/\/floristeriamadonna.com\/index.php?rest_route=%2Fwp%2Fv2%2Fproduct_tag&post=11832"}],"curies":[{"name":"wp","href":"https:\/\/api.w.org\/{rel}","templated":true}]}}