{"id":11837,"date":"2026-04-22T13:34:38","date_gmt":"2026-04-22T19:34:38","guid":{"rendered":"https:\/\/floristeriamadonna.com\/?post_type=product&#038;p=11837"},"modified":"2026-04-22T13:34:38","modified_gmt":"2026-04-22T19:34:38","slug":"dulzura","status":"publish","type":"product","link":"https:\/\/floristeriamadonna.com\/?product=dulzura","title":{"rendered":"Dulzura"},"content":{"rendered":"<p>Dulzura es un dise\u00f1o floral natural que combina la suavidad de las rosas, la delicadeza del lisianthus y la elegancia de las orqu\u00eddeas, creando una composici\u00f3n armoniosa y llena de encanto. Cada flor ha sido cuidadosamente seleccionada para transmitir amor, ternura y esa dulzura \u00fanica que define a mam\u00e1.<\/p>\n","protected":false},"excerpt":{"rendered":"<p>Dulzura es un dise\u00f1o floral natural que combina la suavidad de las rosas, la delicadeza del lisianthus y la elegancia<\/p>\n","protected":false},"featured_media":11840,"template":"","meta":[],"product_cat":[149,97,73],"product_tag":[],"class_list":{"0":"post-11837","1":"product","2":"type-product","3":"status-publish","4":"has-post-thumbnail","6":"product_cat-dia-de-las-madres","7":"product_cat-orquideas","8":"product_cat-rosas","10":"first","11":"instock","12":"shipping-taxable","13":"purchasable","14":"product-type-simple"},"yoast_head":"<!-- This site is optimized with the Yoast SEO plugin v24.0 - https:\/\/yoast.com\/wordpress\/plugins\/seo\/ -->\n<title>Dulzura - Florister\u00eda Madonna<\/title>\n<meta name=\"description\" content=\"Dulzura es un dise\u00f1o floral natural que combina la suavidad de las rosas, la delicadeza del lisianthus y la elegancia de las orqu\u00eddeas, creando una composici\u00f3n armoniosa y llena de encanto. Cada flor ha sido cuidadosamente seleccionada para transmitir amor, ternura y esa dulzura \u00fanica que define a mam\u00e1.\" \/>\n<meta name=\"robots\" content=\"index, follow, max-snippet:-1, max-image-preview:large, max-video-preview:-1\" \/>\n<link rel=\"canonical\" href=\"https:\/\/floristeriamadonna.com\/?product=dulzura\" \/>\n<meta property=\"og:locale\" content=\"es_MX\" \/>\n<meta property=\"og:type\" content=\"article\" \/>\n<meta property=\"og:title\" content=\"Dulzura - Florister\u00eda Madonna\" \/>\n<meta property=\"og:description\" content=\"Dulzura es un dise\u00f1o floral natural que combina la suavidad de las rosas, la delicadeza del lisianthus y la elegancia de las orqu\u00eddeas, creando una composici\u00f3n armoniosa y llena de encanto. Cada flor ha sido cuidadosamente seleccionada para transmitir amor, ternura y esa dulzura \u00fanica que define a mam\u00e1.\" \/>\n<meta property=\"og:url\" content=\"https:\/\/floristeriamadonna.com\/?product=dulzura\" \/>\n<meta property=\"og:site_name\" content=\"Florister\u00eda Madonna\" \/>\n<meta property=\"article:publisher\" content=\"https:\/\/www.facebook.com\/madonnafloristeria\" \/>\n<meta property=\"og:image\" content=\"https:\/\/floristeriamadonna.com\/wp-content\/uploads\/2026\/04\/WhatsApp-Image-2026-04-22-at-1.30.13-PM.jpeg\" \/>\n\t<meta property=\"og:image:width\" content=\"1280\" \/>\n\t<meta property=\"og:image:height\" content=\"854\" \/>\n\t<meta property=\"og:image:type\" content=\"image\/jpeg\" \/>\n<meta name=\"twitter:card\" content=\"summary_large_image\" \/>\n<meta name=\"twitter:label1\" content=\"Tiempo de lectura\" \/>\n\t<meta name=\"twitter:data1\" content=\"1 minuto\" \/>\n<script type=\"application\/ld+json\" class=\"yoast-schema-graph\">{\"@context\":\"https:\/\/schema.org\",\"@graph\":[{\"@type\":\"WebPage\",\"@id\":\"https:\/\/floristeriamadonna.com\/?product=dulzura\",\"url\":\"https:\/\/floristeriamadonna.com\/?product=dulzura\",\"name\":\"Dulzura - Florister\u00eda Madonna\",\"isPartOf\":{\"@id\":\"https:\/\/floristeriamadonna.com\/#website\"},\"primaryImageOfPage\":{\"@id\":\"https:\/\/floristeriamadonna.com\/?product=dulzura#primaryimage\"},\"image\":{\"@id\":\"https:\/\/floristeriamadonna.com\/?product=dulzura#primaryimage\"},\"thumbnailUrl\":\"https:\/\/floristeriamadonna.com\/wp-content\/uploads\/2026\/04\/WhatsApp-Image-2026-04-22-at-1.30.13-PM.jpeg\",\"datePublished\":\"2026-04-22T19:34:38+00:00\",\"dateModified\":\"2026-04-22T19:34:38+00:00\",\"description\":\"Dulzura es un dise\u00f1o floral natural que combina la suavidad de las rosas, la delicadeza del lisianthus y la elegancia de las orqu\u00eddeas, creando una composici\u00f3n armoniosa y llena de encanto. Cada flor ha sido cuidadosamente seleccionada para transmitir amor, ternura y esa dulzura \u00fanica que define a mam\u00e1.\",\"breadcrumb\":{\"@id\":\"https:\/\/floristeriamadonna.com\/?product=dulzura#breadcrumb\"},\"inLanguage\":\"es\",\"potentialAction\":[{\"@type\":\"ReadAction\",\"target\":[\"https:\/\/floristeriamadonna.com\/?product=dulzura\"]}]},{\"@type\":\"ImageObject\",\"inLanguage\":\"es\",\"@id\":\"https:\/\/floristeriamadonna.com\/?product=dulzura#primaryimage\",\"url\":\"https:\/\/floristeriamadonna.com\/wp-content\/uploads\/2026\/04\/WhatsApp-Image-2026-04-22-at-1.30.13-PM.jpeg\",\"contentUrl\":\"https:\/\/floristeriamadonna.com\/wp-content\/uploads\/2026\/04\/WhatsApp-Image-2026-04-22-at-1.30.13-PM.jpeg\",\"width\":1280,\"height\":854},{\"@type\":\"BreadcrumbList\",\"@id\":\"https:\/\/floristeriamadonna.com\/?product=dulzura#breadcrumb\",\"itemListElement\":[{\"@type\":\"ListItem\",\"position\":1,\"name\":\"Inicio\",\"item\":\"https:\/\/floristeriamadonna.com\/\"},{\"@type\":\"ListItem\",\"position\":2,\"name\":\"Tienda\",\"item\":\"https:\/\/floristeriamadonna.com\/?page_id=9\"},{\"@type\":\"ListItem\",\"position\":3,\"name\":\"Dulzura\"}]},{\"@type\":\"WebSite\",\"@id\":\"https:\/\/floristeriamadonna.com\/#website\",\"url\":\"https:\/\/floristeriamadonna.com\/\",\"name\":\"Florister\u00eda Madonna\",\"description\":\"\",\"publisher\":{\"@id\":\"https:\/\/floristeriamadonna.com\/#organization\"},\"potentialAction\":[{\"@type\":\"SearchAction\",\"target\":{\"@type\":\"EntryPoint\",\"urlTemplate\":\"https:\/\/floristeriamadonna.com\/?s={search_term_string}\"},\"query-input\":{\"@type\":\"PropertyValueSpecification\",\"valueRequired\":true,\"valueName\":\"search_term_string\"}}],\"inLanguage\":\"es\"},{\"@type\":\"Organization\",\"@id\":\"https:\/\/floristeriamadonna.com\/#organization\",\"name\":\"Florister\u00eda Madonna\",\"url\":\"https:\/\/floristeriamadonna.com\/\",\"logo\":{\"@type\":\"ImageObject\",\"inLanguage\":\"es\",\"@id\":\"https:\/\/floristeriamadonna.com\/#\/schema\/logo\/image\/\",\"url\":\"https:\/\/floristeriamadonna.com\/wp-content\/uploads\/2021\/12\/floristeria-madonna-logo-1581041112.png\",\"contentUrl\":\"https:\/\/floristeriamadonna.com\/wp-content\/uploads\/2021\/12\/floristeria-madonna-logo-1581041112.png\",\"width\":203,\"height\":125,\"caption\":\"Florister\u00eda Madonna\"},\"image\":{\"@id\":\"https:\/\/floristeriamadonna.com\/#\/schema\/logo\/image\/\"},\"sameAs\":[\"https:\/\/www.facebook.com\/madonnafloristeria\",\"https:\/\/www.instagram.com\/floristeriamadonna\/\"]}]}<\/script>\n<!-- \/ Yoast SEO plugin. -->","yoast_head_json":{"title":"Dulzura - Florister\u00eda Madonna","description":"Dulzura es un dise\u00f1o floral natural que combina la suavidad de las rosas, la delicadeza del lisianthus y la elegancia de las orqu\u00eddeas, creando una composici\u00f3n armoniosa y llena de encanto. Cada flor ha sido cuidadosamente seleccionada para transmitir amor, ternura y esa dulzura \u00fanica que define a mam\u00e1.","robots":{"index":"index","follow":"follow","max-snippet":"max-snippet:-1","max-image-preview":"max-image-preview:large","max-video-preview":"max-video-preview:-1"},"canonical":"https:\/\/floristeriamadonna.com\/?product=dulzura","og_locale":"es_MX","og_type":"article","og_title":"Dulzura - Florister\u00eda Madonna","og_description":"Dulzura es un dise\u00f1o floral natural que combina la suavidad de las rosas, la delicadeza del lisianthus y la elegancia de las orqu\u00eddeas, creando una composici\u00f3n armoniosa y llena de encanto. Cada flor ha sido cuidadosamente seleccionada para transmitir amor, ternura y esa dulzura \u00fanica que define a mam\u00e1.","og_url":"https:\/\/floristeriamadonna.com\/?product=dulzura","og_site_name":"Florister\u00eda Madonna","article_publisher":"https:\/\/www.facebook.com\/madonnafloristeria","og_image":[{"width":1280,"height":854,"url":"https:\/\/floristeriamadonna.com\/wp-content\/uploads\/2026\/04\/WhatsApp-Image-2026-04-22-at-1.30.13-PM.jpeg","type":"image\/jpeg"}],"twitter_card":"summary_large_image","twitter_misc":{"Tiempo de lectura":"1 minuto"},"schema":{"@context":"https:\/\/schema.org","@graph":[{"@type":"WebPage","@id":"https:\/\/floristeriamadonna.com\/?product=dulzura","url":"https:\/\/floristeriamadonna.com\/?product=dulzura","name":"Dulzura - Florister\u00eda Madonna","isPartOf":{"@id":"https:\/\/floristeriamadonna.com\/#website"},"primaryImageOfPage":{"@id":"https:\/\/floristeriamadonna.com\/?product=dulzura#primaryimage"},"image":{"@id":"https:\/\/floristeriamadonna.com\/?product=dulzura#primaryimage"},"thumbnailUrl":"https:\/\/floristeriamadonna.com\/wp-content\/uploads\/2026\/04\/WhatsApp-Image-2026-04-22-at-1.30.13-PM.jpeg","datePublished":"2026-04-22T19:34:38+00:00","dateModified":"2026-04-22T19:34:38+00:00","description":"Dulzura es un dise\u00f1o floral natural que combina la suavidad de las rosas, la delicadeza del lisianthus y la elegancia de las orqu\u00eddeas, creando una composici\u00f3n armoniosa y llena de encanto. Cada flor ha sido cuidadosamente seleccionada para transmitir amor, ternura y esa dulzura \u00fanica que define a mam\u00e1.","breadcrumb":{"@id":"https:\/\/floristeriamadonna.com\/?product=dulzura#breadcrumb"},"inLanguage":"es","potentialAction":[{"@type":"ReadAction","target":["https:\/\/floristeriamadonna.com\/?product=dulzura"]}]},{"@type":"ImageObject","inLanguage":"es","@id":"https:\/\/floristeriamadonna.com\/?product=dulzura#primaryimage","url":"https:\/\/floristeriamadonna.com\/wp-content\/uploads\/2026\/04\/WhatsApp-Image-2026-04-22-at-1.30.13-PM.jpeg","contentUrl":"https:\/\/floristeriamadonna.com\/wp-content\/uploads\/2026\/04\/WhatsApp-Image-2026-04-22-at-1.30.13-PM.jpeg","width":1280,"height":854},{"@type":"BreadcrumbList","@id":"https:\/\/floristeriamadonna.com\/?product=dulzura#breadcrumb","itemListElement":[{"@type":"ListItem","position":1,"name":"Inicio","item":"https:\/\/floristeriamadonna.com\/"},{"@type":"ListItem","position":2,"name":"Tienda","item":"https:\/\/floristeriamadonna.com\/?page_id=9"},{"@type":"ListItem","position":3,"name":"Dulzura"}]},{"@type":"WebSite","@id":"https:\/\/floristeriamadonna.com\/#website","url":"https:\/\/floristeriamadonna.com\/","name":"Florister\u00eda Madonna","description":"","publisher":{"@id":"https:\/\/floristeriamadonna.com\/#organization"},"potentialAction":[{"@type":"SearchAction","target":{"@type":"EntryPoint","urlTemplate":"https:\/\/floristeriamadonna.com\/?s={search_term_string}"},"query-input":{"@type":"PropertyValueSpecification","valueRequired":true,"valueName":"search_term_string"}}],"inLanguage":"es"},{"@type":"Organization","@id":"https:\/\/floristeriamadonna.com\/#organization","name":"Florister\u00eda Madonna","url":"https:\/\/floristeriamadonna.com\/","logo":{"@type":"ImageObject","inLanguage":"es","@id":"https:\/\/floristeriamadonna.com\/#\/schema\/logo\/image\/","url":"https:\/\/floristeriamadonna.com\/wp-content\/uploads\/2021\/12\/floristeria-madonna-logo-1581041112.png","contentUrl":"https:\/\/floristeriamadonna.com\/wp-content\/uploads\/2021\/12\/floristeria-madonna-logo-1581041112.png","width":203,"height":125,"caption":"Florister\u00eda Madonna"},"image":{"@id":"https:\/\/floristeriamadonna.com\/#\/schema\/logo\/image\/"},"sameAs":["https:\/\/www.facebook.com\/madonnafloristeria","https:\/\/www.instagram.com\/floristeriamadonna\/"]}]}},"_links":{"self":[{"href":"https:\/\/floristeriamadonna.com\/index.php?rest_route=\/wp\/v2\/product\/11837","targetHints":{"allow":["GET"]}}],"collection":[{"href":"https:\/\/floristeriamadonna.com\/index.php?rest_route=\/wp\/v2\/product"}],"about":[{"href":"https:\/\/floristeriamadonna.com\/index.php?rest_route=\/wp\/v2\/types\/product"}],"version-history":[{"count":1,"href":"https:\/\/floristeriamadonna.com\/index.php?rest_route=\/wp\/v2\/product\/11837\/revisions"}],"predecessor-version":[{"id":11841,"href":"https:\/\/floristeriamadonna.com\/index.php?rest_route=\/wp\/v2\/product\/11837\/revisions\/11841"}],"wp:featuredmedia":[{"embeddable":true,"href":"https:\/\/floristeriamadonna.com\/index.php?rest_route=\/wp\/v2\/media\/11840"}],"wp:attachment":[{"href":"https:\/\/floristeriamadonna.com\/index.php?rest_route=%2Fwp%2Fv2%2Fmedia&parent=11837"}],"wp:term":[{"taxonomy":"product_cat","embeddable":true,"href":"https:\/\/floristeriamadonna.com\/index.php?rest_route=%2Fwp%2Fv2%2Fproduct_cat&post=11837"},{"taxonomy":"product_tag","embeddable":true,"href":"https:\/\/floristeriamadonna.com\/index.php?rest_route=%2Fwp%2Fv2%2Fproduct_tag&post=11837"}],"curies":[{"name":"wp","href":"https:\/\/api.w.org\/{rel}","templated":true}]}}