{"id":11866,"date":"2026-04-22T14:29:28","date_gmt":"2026-04-22T20:29:28","guid":{"rendered":"https:\/\/floristeriamadonna.com\/?post_type=product&#038;p=11866"},"modified":"2026-04-22T14:29:48","modified_gmt":"2026-04-22T20:29:48","slug":"carino","status":"publish","type":"product","link":"https:\/\/floristeriamadonna.com\/?product=carino","title":{"rendered":"Cari\u00f1o"},"content":{"rendered":"<p>Cari\u00f1o es un ramo floral natural, sencillo pero lleno de significado, pensado para mam\u00e1. La frescura de las gerberas junto con la suavidad de la gypsophila crean un detalle ligero, tierno y muy especial.<\/p>\n","protected":false},"excerpt":{"rendered":"<p>Cari\u00f1o es un ramo floral natural, sencillo pero lleno de significado, pensado para mam\u00e1. La frescura de las gerberas junto<\/p>\n","protected":false},"featured_media":11869,"template":"","meta":[],"product_cat":[149,115,101],"product_tag":[],"class_list":{"0":"post-11866","1":"product","2":"type-product","3":"status-publish","4":"has-post-thumbnail","6":"product_cat-dia-de-las-madres","7":"product_cat-gerberas","8":"product_cat-ramos","10":"first","11":"instock","12":"shipping-taxable","13":"purchasable","14":"product-type-simple"},"yoast_head":"<!-- This site is optimized with the Yoast SEO plugin v24.0 - https:\/\/yoast.com\/wordpress\/plugins\/seo\/ -->\n<title>Cari\u00f1o - Florister\u00eda Madonna<\/title>\n<meta name=\"description\" content=\"Cari\u00f1o es un ramo floral natural, sencillo pero lleno de significado, pensado para mam\u00e1. La frescura de las gerberas junto con la suavidad de la gypsophila crean un detalle ligero, tierno y muy especial.\" \/>\n<meta name=\"robots\" content=\"index, follow, max-snippet:-1, max-image-preview:large, max-video-preview:-1\" \/>\n<link rel=\"canonical\" href=\"https:\/\/floristeriamadonna.com\/?product=carino\" \/>\n<meta property=\"og:locale\" content=\"es_MX\" \/>\n<meta property=\"og:type\" content=\"article\" \/>\n<meta property=\"og:title\" content=\"Cari\u00f1o - Florister\u00eda Madonna\" \/>\n<meta property=\"og:description\" content=\"Cari\u00f1o es un ramo floral natural, sencillo pero lleno de significado, pensado para mam\u00e1. La frescura de las gerberas junto con la suavidad de la gypsophila crean un detalle ligero, tierno y muy especial.\" \/>\n<meta property=\"og:url\" content=\"https:\/\/floristeriamadonna.com\/?product=carino\" \/>\n<meta property=\"og:site_name\" content=\"Florister\u00eda Madonna\" \/>\n<meta property=\"article:publisher\" content=\"https:\/\/www.facebook.com\/madonnafloristeria\" \/>\n<meta property=\"article:modified_time\" content=\"2026-04-22T20:29:48+00:00\" \/>\n<meta property=\"og:image\" content=\"https:\/\/floristeriamadonna.com\/wp-content\/uploads\/2026\/04\/WhatsApp-Image-2026-04-22-at-2.22.10-PM.jpeg\" \/>\n\t<meta property=\"og:image:width\" content=\"1066\" \/>\n\t<meta property=\"og:image:height\" content=\"1600\" \/>\n\t<meta property=\"og:image:type\" content=\"image\/jpeg\" \/>\n<meta name=\"twitter:card\" content=\"summary_large_image\" \/>\n<meta name=\"twitter:label1\" content=\"Tiempo de lectura\" \/>\n\t<meta name=\"twitter:data1\" content=\"1 minuto\" \/>\n<script type=\"application\/ld+json\" class=\"yoast-schema-graph\">{\"@context\":\"https:\/\/schema.org\",\"@graph\":[{\"@type\":\"WebPage\",\"@id\":\"https:\/\/floristeriamadonna.com\/?product=carino\",\"url\":\"https:\/\/floristeriamadonna.com\/?product=carino\",\"name\":\"Cari\u00f1o - Florister\u00eda Madonna\",\"isPartOf\":{\"@id\":\"https:\/\/floristeriamadonna.com\/#website\"},\"primaryImageOfPage\":{\"@id\":\"https:\/\/floristeriamadonna.com\/?product=carino#primaryimage\"},\"image\":{\"@id\":\"https:\/\/floristeriamadonna.com\/?product=carino#primaryimage\"},\"thumbnailUrl\":\"https:\/\/floristeriamadonna.com\/wp-content\/uploads\/2026\/04\/WhatsApp-Image-2026-04-22-at-2.22.10-PM.jpeg\",\"datePublished\":\"2026-04-22T20:29:28+00:00\",\"dateModified\":\"2026-04-22T20:29:48+00:00\",\"description\":\"Cari\u00f1o es un ramo floral natural, sencillo pero lleno de significado, pensado para mam\u00e1. La frescura de las gerberas junto con la suavidad de la gypsophila crean un detalle ligero, tierno y muy especial.\",\"breadcrumb\":{\"@id\":\"https:\/\/floristeriamadonna.com\/?product=carino#breadcrumb\"},\"inLanguage\":\"es\",\"potentialAction\":[{\"@type\":\"ReadAction\",\"target\":[\"https:\/\/floristeriamadonna.com\/?product=carino\"]}]},{\"@type\":\"ImageObject\",\"inLanguage\":\"es\",\"@id\":\"https:\/\/floristeriamadonna.com\/?product=carino#primaryimage\",\"url\":\"https:\/\/floristeriamadonna.com\/wp-content\/uploads\/2026\/04\/WhatsApp-Image-2026-04-22-at-2.22.10-PM.jpeg\",\"contentUrl\":\"https:\/\/floristeriamadonna.com\/wp-content\/uploads\/2026\/04\/WhatsApp-Image-2026-04-22-at-2.22.10-PM.jpeg\",\"width\":1066,\"height\":1600},{\"@type\":\"BreadcrumbList\",\"@id\":\"https:\/\/floristeriamadonna.com\/?product=carino#breadcrumb\",\"itemListElement\":[{\"@type\":\"ListItem\",\"position\":1,\"name\":\"Inicio\",\"item\":\"https:\/\/floristeriamadonna.com\/\"},{\"@type\":\"ListItem\",\"position\":2,\"name\":\"Tienda\",\"item\":\"https:\/\/floristeriamadonna.com\/?page_id=9\"},{\"@type\":\"ListItem\",\"position\":3,\"name\":\"Cari\u00f1o\"}]},{\"@type\":\"WebSite\",\"@id\":\"https:\/\/floristeriamadonna.com\/#website\",\"url\":\"https:\/\/floristeriamadonna.com\/\",\"name\":\"Florister\u00eda Madonna\",\"description\":\"\",\"publisher\":{\"@id\":\"https:\/\/floristeriamadonna.com\/#organization\"},\"potentialAction\":[{\"@type\":\"SearchAction\",\"target\":{\"@type\":\"EntryPoint\",\"urlTemplate\":\"https:\/\/floristeriamadonna.com\/?s={search_term_string}\"},\"query-input\":{\"@type\":\"PropertyValueSpecification\",\"valueRequired\":true,\"valueName\":\"search_term_string\"}}],\"inLanguage\":\"es\"},{\"@type\":\"Organization\",\"@id\":\"https:\/\/floristeriamadonna.com\/#organization\",\"name\":\"Florister\u00eda Madonna\",\"url\":\"https:\/\/floristeriamadonna.com\/\",\"logo\":{\"@type\":\"ImageObject\",\"inLanguage\":\"es\",\"@id\":\"https:\/\/floristeriamadonna.com\/#\/schema\/logo\/image\/\",\"url\":\"https:\/\/floristeriamadonna.com\/wp-content\/uploads\/2021\/12\/floristeria-madonna-logo-1581041112.png\",\"contentUrl\":\"https:\/\/floristeriamadonna.com\/wp-content\/uploads\/2021\/12\/floristeria-madonna-logo-1581041112.png\",\"width\":203,\"height\":125,\"caption\":\"Florister\u00eda Madonna\"},\"image\":{\"@id\":\"https:\/\/floristeriamadonna.com\/#\/schema\/logo\/image\/\"},\"sameAs\":[\"https:\/\/www.facebook.com\/madonnafloristeria\",\"https:\/\/www.instagram.com\/floristeriamadonna\/\"]}]}<\/script>\n<!-- \/ Yoast SEO plugin. -->","yoast_head_json":{"title":"Cari\u00f1o - Florister\u00eda Madonna","description":"Cari\u00f1o es un ramo floral natural, sencillo pero lleno de significado, pensado para mam\u00e1. La frescura de las gerberas junto con la suavidad de la gypsophila crean un detalle ligero, tierno y muy especial.","robots":{"index":"index","follow":"follow","max-snippet":"max-snippet:-1","max-image-preview":"max-image-preview:large","max-video-preview":"max-video-preview:-1"},"canonical":"https:\/\/floristeriamadonna.com\/?product=carino","og_locale":"es_MX","og_type":"article","og_title":"Cari\u00f1o - Florister\u00eda Madonna","og_description":"Cari\u00f1o es un ramo floral natural, sencillo pero lleno de significado, pensado para mam\u00e1. La frescura de las gerberas junto con la suavidad de la gypsophila crean un detalle ligero, tierno y muy especial.","og_url":"https:\/\/floristeriamadonna.com\/?product=carino","og_site_name":"Florister\u00eda Madonna","article_publisher":"https:\/\/www.facebook.com\/madonnafloristeria","article_modified_time":"2026-04-22T20:29:48+00:00","og_image":[{"width":1066,"height":1600,"url":"https:\/\/floristeriamadonna.com\/wp-content\/uploads\/2026\/04\/WhatsApp-Image-2026-04-22-at-2.22.10-PM.jpeg","type":"image\/jpeg"}],"twitter_card":"summary_large_image","twitter_misc":{"Tiempo de lectura":"1 minuto"},"schema":{"@context":"https:\/\/schema.org","@graph":[{"@type":"WebPage","@id":"https:\/\/floristeriamadonna.com\/?product=carino","url":"https:\/\/floristeriamadonna.com\/?product=carino","name":"Cari\u00f1o - Florister\u00eda Madonna","isPartOf":{"@id":"https:\/\/floristeriamadonna.com\/#website"},"primaryImageOfPage":{"@id":"https:\/\/floristeriamadonna.com\/?product=carino#primaryimage"},"image":{"@id":"https:\/\/floristeriamadonna.com\/?product=carino#primaryimage"},"thumbnailUrl":"https:\/\/floristeriamadonna.com\/wp-content\/uploads\/2026\/04\/WhatsApp-Image-2026-04-22-at-2.22.10-PM.jpeg","datePublished":"2026-04-22T20:29:28+00:00","dateModified":"2026-04-22T20:29:48+00:00","description":"Cari\u00f1o es un ramo floral natural, sencillo pero lleno de significado, pensado para mam\u00e1. La frescura de las gerberas junto con la suavidad de la gypsophila crean un detalle ligero, tierno y muy especial.","breadcrumb":{"@id":"https:\/\/floristeriamadonna.com\/?product=carino#breadcrumb"},"inLanguage":"es","potentialAction":[{"@type":"ReadAction","target":["https:\/\/floristeriamadonna.com\/?product=carino"]}]},{"@type":"ImageObject","inLanguage":"es","@id":"https:\/\/floristeriamadonna.com\/?product=carino#primaryimage","url":"https:\/\/floristeriamadonna.com\/wp-content\/uploads\/2026\/04\/WhatsApp-Image-2026-04-22-at-2.22.10-PM.jpeg","contentUrl":"https:\/\/floristeriamadonna.com\/wp-content\/uploads\/2026\/04\/WhatsApp-Image-2026-04-22-at-2.22.10-PM.jpeg","width":1066,"height":1600},{"@type":"BreadcrumbList","@id":"https:\/\/floristeriamadonna.com\/?product=carino#breadcrumb","itemListElement":[{"@type":"ListItem","position":1,"name":"Inicio","item":"https:\/\/floristeriamadonna.com\/"},{"@type":"ListItem","position":2,"name":"Tienda","item":"https:\/\/floristeriamadonna.com\/?page_id=9"},{"@type":"ListItem","position":3,"name":"Cari\u00f1o"}]},{"@type":"WebSite","@id":"https:\/\/floristeriamadonna.com\/#website","url":"https:\/\/floristeriamadonna.com\/","name":"Florister\u00eda Madonna","description":"","publisher":{"@id":"https:\/\/floristeriamadonna.com\/#organization"},"potentialAction":[{"@type":"SearchAction","target":{"@type":"EntryPoint","urlTemplate":"https:\/\/floristeriamadonna.com\/?s={search_term_string}"},"query-input":{"@type":"PropertyValueSpecification","valueRequired":true,"valueName":"search_term_string"}}],"inLanguage":"es"},{"@type":"Organization","@id":"https:\/\/floristeriamadonna.com\/#organization","name":"Florister\u00eda Madonna","url":"https:\/\/floristeriamadonna.com\/","logo":{"@type":"ImageObject","inLanguage":"es","@id":"https:\/\/floristeriamadonna.com\/#\/schema\/logo\/image\/","url":"https:\/\/floristeriamadonna.com\/wp-content\/uploads\/2021\/12\/floristeria-madonna-logo-1581041112.png","contentUrl":"https:\/\/floristeriamadonna.com\/wp-content\/uploads\/2021\/12\/floristeria-madonna-logo-1581041112.png","width":203,"height":125,"caption":"Florister\u00eda Madonna"},"image":{"@id":"https:\/\/floristeriamadonna.com\/#\/schema\/logo\/image\/"},"sameAs":["https:\/\/www.facebook.com\/madonnafloristeria","https:\/\/www.instagram.com\/floristeriamadonna\/"]}]}},"_links":{"self":[{"href":"https:\/\/floristeriamadonna.com\/index.php?rest_route=\/wp\/v2\/product\/11866","targetHints":{"allow":["GET"]}}],"collection":[{"href":"https:\/\/floristeriamadonna.com\/index.php?rest_route=\/wp\/v2\/product"}],"about":[{"href":"https:\/\/floristeriamadonna.com\/index.php?rest_route=\/wp\/v2\/types\/product"}],"version-history":[{"count":2,"href":"https:\/\/floristeriamadonna.com\/index.php?rest_route=\/wp\/v2\/product\/11866\/revisions"}],"predecessor-version":[{"id":11871,"href":"https:\/\/floristeriamadonna.com\/index.php?rest_route=\/wp\/v2\/product\/11866\/revisions\/11871"}],"wp:featuredmedia":[{"embeddable":true,"href":"https:\/\/floristeriamadonna.com\/index.php?rest_route=\/wp\/v2\/media\/11869"}],"wp:attachment":[{"href":"https:\/\/floristeriamadonna.com\/index.php?rest_route=%2Fwp%2Fv2%2Fmedia&parent=11866"}],"wp:term":[{"taxonomy":"product_cat","embeddable":true,"href":"https:\/\/floristeriamadonna.com\/index.php?rest_route=%2Fwp%2Fv2%2Fproduct_cat&post=11866"},{"taxonomy":"product_tag","embeddable":true,"href":"https:\/\/floristeriamadonna.com\/index.php?rest_route=%2Fwp%2Fv2%2Fproduct_tag&post=11866"}],"curies":[{"name":"wp","href":"https:\/\/api.w.org\/{rel}","templated":true}]}}