{"id":11872,"date":"2026-04-22T14:39:11","date_gmt":"2026-04-22T20:39:11","guid":{"rendered":"https:\/\/floristeriamadonna.com\/?post_type=product&#038;p=11872"},"modified":"2026-04-22T14:39:11","modified_gmt":"2026-04-22T20:39:11","slug":"jardin-eterno","status":"publish","type":"product","link":"https:\/\/floristeriamadonna.com\/?product=jardin-eterno","title":{"rendered":"Jard\u00edn Eterno"},"content":{"rendered":"<p>Jard\u00edn Eterno es un dise\u00f1o floral preservado que captura la belleza del amor de mam\u00e1 en una composici\u00f3n que perdura en el tiempo. La elegancia de las rosas inglesas, acompa\u00f1adas de rosas, hortensias y follajes, crea un arreglo sofisticado y lleno de significado.<\/p>\n<p>Es el detalle perfecto para mam\u00e1, ideal para regalar algo que no solo emocione en el momento, sino que permanezca como recuerdo de ese amor tan especial. Un dise\u00f1o que simboliza lo eterno: el amor de mam\u00e1.<\/p>\n","protected":false},"excerpt":{"rendered":"<p>Jard\u00edn Eterno es un dise\u00f1o floral preservado que captura la belleza del amor de mam\u00e1 en una composici\u00f3n que perdura<\/p>\n","protected":false},"featured_media":11876,"template":"","meta":[],"product_cat":[149,145,148,73],"product_tag":[],"class_list":{"0":"post-11872","1":"product","2":"type-product","3":"status-publish","4":"has-post-thumbnail","6":"product_cat-dia-de-las-madres","7":"product_cat-preservados","8":"product_cat-rosas-inglesas","9":"product_cat-rosas","11":"first","12":"instock","13":"shipping-taxable","14":"purchasable","15":"product-type-simple"},"yoast_head":"<!-- This site is optimized with the Yoast SEO plugin v24.0 - https:\/\/yoast.com\/wordpress\/plugins\/seo\/ -->\n<title>Jard\u00edn Eterno - Florister\u00eda Madonna<\/title>\n<meta name=\"description\" content=\"Jard\u00edn Eterno es un dise\u00f1o floral preservado que captura la belleza del amor de mam\u00e1 en una composici\u00f3n que perdura en el tiempo. La elegancia de las rosas inglesas, acompa\u00f1adas de rosas, hortensias y follajes, crea un arreglo sofisticado y lleno de significado.Es el detalle perfecto para mam\u00e1, ideal para regalar algo que no solo emocione en el momento, sino que permanezca como recuerdo de ese amor tan especial. Un dise\u00f1o que simboliza lo eterno: el amor de mam\u00e1.\" \/>\n<meta name=\"robots\" content=\"index, follow, max-snippet:-1, max-image-preview:large, max-video-preview:-1\" \/>\n<link rel=\"canonical\" href=\"https:\/\/floristeriamadonna.com\/?product=jardin-eterno\" \/>\n<meta property=\"og:locale\" content=\"es_MX\" \/>\n<meta property=\"og:type\" content=\"article\" \/>\n<meta property=\"og:title\" content=\"Jard\u00edn Eterno - Florister\u00eda Madonna\" \/>\n<meta property=\"og:description\" content=\"Jard\u00edn Eterno es un dise\u00f1o floral preservado que captura la belleza del amor de mam\u00e1 en una composici\u00f3n que perdura en el tiempo. La elegancia de las rosas inglesas, acompa\u00f1adas de rosas, hortensias y follajes, crea un arreglo sofisticado y lleno de significado.Es el detalle perfecto para mam\u00e1, ideal para regalar algo que no solo emocione en el momento, sino que permanezca como recuerdo de ese amor tan especial. Un dise\u00f1o que simboliza lo eterno: el amor de mam\u00e1.\" \/>\n<meta property=\"og:url\" content=\"https:\/\/floristeriamadonna.com\/?product=jardin-eterno\" \/>\n<meta property=\"og:site_name\" content=\"Florister\u00eda Madonna\" \/>\n<meta property=\"article:publisher\" content=\"https:\/\/www.facebook.com\/madonnafloristeria\" \/>\n<meta property=\"og:image\" content=\"https:\/\/floristeriamadonna.com\/wp-content\/uploads\/2026\/04\/WhatsApp-Image-2026-04-22-at-2.34.00-PM.jpeg\" \/>\n\t<meta property=\"og:image:width\" content=\"1600\" \/>\n\t<meta property=\"og:image:height\" content=\"1066\" \/>\n\t<meta property=\"og:image:type\" content=\"image\/jpeg\" \/>\n<meta name=\"twitter:card\" content=\"summary_large_image\" \/>\n<meta name=\"twitter:label1\" content=\"Tiempo de lectura\" \/>\n\t<meta name=\"twitter:data1\" content=\"1 minuto\" \/>\n<script type=\"application\/ld+json\" class=\"yoast-schema-graph\">{\"@context\":\"https:\/\/schema.org\",\"@graph\":[{\"@type\":\"WebPage\",\"@id\":\"https:\/\/floristeriamadonna.com\/?product=jardin-eterno\",\"url\":\"https:\/\/floristeriamadonna.com\/?product=jardin-eterno\",\"name\":\"Jard\u00edn Eterno - Florister\u00eda Madonna\",\"isPartOf\":{\"@id\":\"https:\/\/floristeriamadonna.com\/#website\"},\"primaryImageOfPage\":{\"@id\":\"https:\/\/floristeriamadonna.com\/?product=jardin-eterno#primaryimage\"},\"image\":{\"@id\":\"https:\/\/floristeriamadonna.com\/?product=jardin-eterno#primaryimage\"},\"thumbnailUrl\":\"https:\/\/floristeriamadonna.com\/wp-content\/uploads\/2026\/04\/WhatsApp-Image-2026-04-22-at-2.34.00-PM.jpeg\",\"datePublished\":\"2026-04-22T20:39:11+00:00\",\"dateModified\":\"2026-04-22T20:39:11+00:00\",\"description\":\"Jard\u00edn Eterno es un dise\u00f1o floral preservado que captura la belleza del amor de mam\u00e1 en una composici\u00f3n que perdura en el tiempo. La elegancia de las rosas inglesas, acompa\u00f1adas de rosas, hortensias y follajes, crea un arreglo sofisticado y lleno de significado.Es el detalle perfecto para mam\u00e1, ideal para regalar algo que no solo emocione en el momento, sino que permanezca como recuerdo de ese amor tan especial. Un dise\u00f1o que simboliza lo eterno: el amor de mam\u00e1.\",\"breadcrumb\":{\"@id\":\"https:\/\/floristeriamadonna.com\/?product=jardin-eterno#breadcrumb\"},\"inLanguage\":\"es\",\"potentialAction\":[{\"@type\":\"ReadAction\",\"target\":[\"https:\/\/floristeriamadonna.com\/?product=jardin-eterno\"]}]},{\"@type\":\"ImageObject\",\"inLanguage\":\"es\",\"@id\":\"https:\/\/floristeriamadonna.com\/?product=jardin-eterno#primaryimage\",\"url\":\"https:\/\/floristeriamadonna.com\/wp-content\/uploads\/2026\/04\/WhatsApp-Image-2026-04-22-at-2.34.00-PM.jpeg\",\"contentUrl\":\"https:\/\/floristeriamadonna.com\/wp-content\/uploads\/2026\/04\/WhatsApp-Image-2026-04-22-at-2.34.00-PM.jpeg\",\"width\":1600,\"height\":1066},{\"@type\":\"BreadcrumbList\",\"@id\":\"https:\/\/floristeriamadonna.com\/?product=jardin-eterno#breadcrumb\",\"itemListElement\":[{\"@type\":\"ListItem\",\"position\":1,\"name\":\"Inicio\",\"item\":\"https:\/\/floristeriamadonna.com\/\"},{\"@type\":\"ListItem\",\"position\":2,\"name\":\"Tienda\",\"item\":\"https:\/\/floristeriamadonna.com\/?page_id=9\"},{\"@type\":\"ListItem\",\"position\":3,\"name\":\"Jard\u00edn Eterno\"}]},{\"@type\":\"WebSite\",\"@id\":\"https:\/\/floristeriamadonna.com\/#website\",\"url\":\"https:\/\/floristeriamadonna.com\/\",\"name\":\"Florister\u00eda Madonna\",\"description\":\"\",\"publisher\":{\"@id\":\"https:\/\/floristeriamadonna.com\/#organization\"},\"potentialAction\":[{\"@type\":\"SearchAction\",\"target\":{\"@type\":\"EntryPoint\",\"urlTemplate\":\"https:\/\/floristeriamadonna.com\/?s={search_term_string}\"},\"query-input\":{\"@type\":\"PropertyValueSpecification\",\"valueRequired\":true,\"valueName\":\"search_term_string\"}}],\"inLanguage\":\"es\"},{\"@type\":\"Organization\",\"@id\":\"https:\/\/floristeriamadonna.com\/#organization\",\"name\":\"Florister\u00eda Madonna\",\"url\":\"https:\/\/floristeriamadonna.com\/\",\"logo\":{\"@type\":\"ImageObject\",\"inLanguage\":\"es\",\"@id\":\"https:\/\/floristeriamadonna.com\/#\/schema\/logo\/image\/\",\"url\":\"https:\/\/floristeriamadonna.com\/wp-content\/uploads\/2021\/12\/floristeria-madonna-logo-1581041112.png\",\"contentUrl\":\"https:\/\/floristeriamadonna.com\/wp-content\/uploads\/2021\/12\/floristeria-madonna-logo-1581041112.png\",\"width\":203,\"height\":125,\"caption\":\"Florister\u00eda Madonna\"},\"image\":{\"@id\":\"https:\/\/floristeriamadonna.com\/#\/schema\/logo\/image\/\"},\"sameAs\":[\"https:\/\/www.facebook.com\/madonnafloristeria\",\"https:\/\/www.instagram.com\/floristeriamadonna\/\"]}]}<\/script>\n<!-- \/ Yoast SEO plugin. -->","yoast_head_json":{"title":"Jard\u00edn Eterno - Florister\u00eda Madonna","description":"Jard\u00edn Eterno es un dise\u00f1o floral preservado que captura la belleza del amor de mam\u00e1 en una composici\u00f3n que perdura en el tiempo. La elegancia de las rosas inglesas, acompa\u00f1adas de rosas, hortensias y follajes, crea un arreglo sofisticado y lleno de significado.Es el detalle perfecto para mam\u00e1, ideal para regalar algo que no solo emocione en el momento, sino que permanezca como recuerdo de ese amor tan especial. Un dise\u00f1o que simboliza lo eterno: el amor de mam\u00e1.","robots":{"index":"index","follow":"follow","max-snippet":"max-snippet:-1","max-image-preview":"max-image-preview:large","max-video-preview":"max-video-preview:-1"},"canonical":"https:\/\/floristeriamadonna.com\/?product=jardin-eterno","og_locale":"es_MX","og_type":"article","og_title":"Jard\u00edn Eterno - Florister\u00eda Madonna","og_description":"Jard\u00edn Eterno es un dise\u00f1o floral preservado que captura la belleza del amor de mam\u00e1 en una composici\u00f3n que perdura en el tiempo. La elegancia de las rosas inglesas, acompa\u00f1adas de rosas, hortensias y follajes, crea un arreglo sofisticado y lleno de significado.Es el detalle perfecto para mam\u00e1, ideal para regalar algo que no solo emocione en el momento, sino que permanezca como recuerdo de ese amor tan especial. Un dise\u00f1o que simboliza lo eterno: el amor de mam\u00e1.","og_url":"https:\/\/floristeriamadonna.com\/?product=jardin-eterno","og_site_name":"Florister\u00eda Madonna","article_publisher":"https:\/\/www.facebook.com\/madonnafloristeria","og_image":[{"width":1600,"height":1066,"url":"https:\/\/floristeriamadonna.com\/wp-content\/uploads\/2026\/04\/WhatsApp-Image-2026-04-22-at-2.34.00-PM.jpeg","type":"image\/jpeg"}],"twitter_card":"summary_large_image","twitter_misc":{"Tiempo de lectura":"1 minuto"},"schema":{"@context":"https:\/\/schema.org","@graph":[{"@type":"WebPage","@id":"https:\/\/floristeriamadonna.com\/?product=jardin-eterno","url":"https:\/\/floristeriamadonna.com\/?product=jardin-eterno","name":"Jard\u00edn Eterno - Florister\u00eda Madonna","isPartOf":{"@id":"https:\/\/floristeriamadonna.com\/#website"},"primaryImageOfPage":{"@id":"https:\/\/floristeriamadonna.com\/?product=jardin-eterno#primaryimage"},"image":{"@id":"https:\/\/floristeriamadonna.com\/?product=jardin-eterno#primaryimage"},"thumbnailUrl":"https:\/\/floristeriamadonna.com\/wp-content\/uploads\/2026\/04\/WhatsApp-Image-2026-04-22-at-2.34.00-PM.jpeg","datePublished":"2026-04-22T20:39:11+00:00","dateModified":"2026-04-22T20:39:11+00:00","description":"Jard\u00edn Eterno es un dise\u00f1o floral preservado que captura la belleza del amor de mam\u00e1 en una composici\u00f3n que perdura en el tiempo. La elegancia de las rosas inglesas, acompa\u00f1adas de rosas, hortensias y follajes, crea un arreglo sofisticado y lleno de significado.Es el detalle perfecto para mam\u00e1, ideal para regalar algo que no solo emocione en el momento, sino que permanezca como recuerdo de ese amor tan especial. Un dise\u00f1o que simboliza lo eterno: el amor de mam\u00e1.","breadcrumb":{"@id":"https:\/\/floristeriamadonna.com\/?product=jardin-eterno#breadcrumb"},"inLanguage":"es","potentialAction":[{"@type":"ReadAction","target":["https:\/\/floristeriamadonna.com\/?product=jardin-eterno"]}]},{"@type":"ImageObject","inLanguage":"es","@id":"https:\/\/floristeriamadonna.com\/?product=jardin-eterno#primaryimage","url":"https:\/\/floristeriamadonna.com\/wp-content\/uploads\/2026\/04\/WhatsApp-Image-2026-04-22-at-2.34.00-PM.jpeg","contentUrl":"https:\/\/floristeriamadonna.com\/wp-content\/uploads\/2026\/04\/WhatsApp-Image-2026-04-22-at-2.34.00-PM.jpeg","width":1600,"height":1066},{"@type":"BreadcrumbList","@id":"https:\/\/floristeriamadonna.com\/?product=jardin-eterno#breadcrumb","itemListElement":[{"@type":"ListItem","position":1,"name":"Inicio","item":"https:\/\/floristeriamadonna.com\/"},{"@type":"ListItem","position":2,"name":"Tienda","item":"https:\/\/floristeriamadonna.com\/?page_id=9"},{"@type":"ListItem","position":3,"name":"Jard\u00edn Eterno"}]},{"@type":"WebSite","@id":"https:\/\/floristeriamadonna.com\/#website","url":"https:\/\/floristeriamadonna.com\/","name":"Florister\u00eda Madonna","description":"","publisher":{"@id":"https:\/\/floristeriamadonna.com\/#organization"},"potentialAction":[{"@type":"SearchAction","target":{"@type":"EntryPoint","urlTemplate":"https:\/\/floristeriamadonna.com\/?s={search_term_string}"},"query-input":{"@type":"PropertyValueSpecification","valueRequired":true,"valueName":"search_term_string"}}],"inLanguage":"es"},{"@type":"Organization","@id":"https:\/\/floristeriamadonna.com\/#organization","name":"Florister\u00eda Madonna","url":"https:\/\/floristeriamadonna.com\/","logo":{"@type":"ImageObject","inLanguage":"es","@id":"https:\/\/floristeriamadonna.com\/#\/schema\/logo\/image\/","url":"https:\/\/floristeriamadonna.com\/wp-content\/uploads\/2021\/12\/floristeria-madonna-logo-1581041112.png","contentUrl":"https:\/\/floristeriamadonna.com\/wp-content\/uploads\/2021\/12\/floristeria-madonna-logo-1581041112.png","width":203,"height":125,"caption":"Florister\u00eda Madonna"},"image":{"@id":"https:\/\/floristeriamadonna.com\/#\/schema\/logo\/image\/"},"sameAs":["https:\/\/www.facebook.com\/madonnafloristeria","https:\/\/www.instagram.com\/floristeriamadonna\/"]}]}},"_links":{"self":[{"href":"https:\/\/floristeriamadonna.com\/index.php?rest_route=\/wp\/v2\/product\/11872","targetHints":{"allow":["GET"]}}],"collection":[{"href":"https:\/\/floristeriamadonna.com\/index.php?rest_route=\/wp\/v2\/product"}],"about":[{"href":"https:\/\/floristeriamadonna.com\/index.php?rest_route=\/wp\/v2\/types\/product"}],"version-history":[{"count":2,"href":"https:\/\/floristeriamadonna.com\/index.php?rest_route=\/wp\/v2\/product\/11872\/revisions"}],"predecessor-version":[{"id":11878,"href":"https:\/\/floristeriamadonna.com\/index.php?rest_route=\/wp\/v2\/product\/11872\/revisions\/11878"}],"wp:featuredmedia":[{"embeddable":true,"href":"https:\/\/floristeriamadonna.com\/index.php?rest_route=\/wp\/v2\/media\/11876"}],"wp:attachment":[{"href":"https:\/\/floristeriamadonna.com\/index.php?rest_route=%2Fwp%2Fv2%2Fmedia&parent=11872"}],"wp:term":[{"taxonomy":"product_cat","embeddable":true,"href":"https:\/\/floristeriamadonna.com\/index.php?rest_route=%2Fwp%2Fv2%2Fproduct_cat&post=11872"},{"taxonomy":"product_tag","embeddable":true,"href":"https:\/\/floristeriamadonna.com\/index.php?rest_route=%2Fwp%2Fv2%2Fproduct_tag&post=11872"}],"curies":[{"name":"wp","href":"https:\/\/api.w.org\/{rel}","templated":true}]}}