{"id":9214,"date":"2021-11-12T17:29:00","date_gmt":"2021-11-12T23:29:00","guid":{"rendered":"https:\/\/floristeriamadonna.com\/?post_type=product&#038;p=9214"},"modified":"2026-01-30T00:36:57","modified_gmt":"2026-01-30T06:36:57","slug":"magica-union","status":"publish","type":"product","link":"https:\/\/floristeriamadonna.com\/?product=magica-union","title":{"rendered":"M\u00e1gica Uni\u00f3n"},"content":{"rendered":"\t\t<div data-elementor-type=\"wp-post\" data-elementor-id=\"9214\" class=\"elementor elementor-9214\">\n\t\t\t\t\t\t<section class=\"elementor-section elementor-top-section elementor-element elementor-element-8e58527 elementor-section-boxed elementor-section-height-default elementor-section-height-default wd-section-disabled\" data-id=\"8e58527\" data-element_type=\"section\">\n\t\t\t\t\t\t<div class=\"elementor-container elementor-column-gap-default\">\n\t\t\t\t\t<div class=\"elementor-column elementor-col-100 elementor-top-column elementor-element elementor-element-4d618087\" data-id=\"4d618087\" data-element_type=\"column\">\n\t\t\t<div class=\"elementor-widget-wrap elementor-element-populated\">\n\t\t\t\t\t\t<div class=\"elementor-element elementor-element-14e850b2 color-scheme-inherit text-left elementor-widget elementor-widget-text-editor\" data-id=\"14e850b2\" data-element_type=\"widget\" data-widget_type=\"text-editor.default\">\n\t\t\t\t<div class=\"elementor-widget-container\">\n\t\t\t\t\t\t\t<p>12 Tallos de Gerberas y Follajes Especiales en jarron.<\/p>\t\t\t\t\t\t<\/div>\n\t\t\t\t<\/div>\n\t\t\t\t\t<\/div>\n\t\t<\/div>\n\t\t\t\t\t<\/div>\n\t\t<\/section>\n\t\t\t\t<\/div>\n\t\t","protected":false},"excerpt":{"rendered":"<p>12 Tallos de Gerberas y Follajes Especiales en jarron.<\/p>\n","protected":false},"featured_media":9217,"template":"","meta":[],"product_cat":[65,100],"product_tag":[88,87,74,86],"class_list":{"0":"post-9214","1":"product","2":"type-product","3":"status-publish","4":"has-post-thumbnail","6":"product_cat-flores","7":"product_cat-amistad","8":"product_tag-follajes-especiales","9":"product_tag-gerberas","10":"product_tag-rosas","11":"product_tag-tallos","13":"first","14":"instock","15":"shipping-taxable","16":"purchasable","17":"product-type-simple"},"yoast_head":"<!-- This site is optimized with the Yoast SEO plugin v24.0 - https:\/\/yoast.com\/wordpress\/plugins\/seo\/ -->\n<title>M\u00e1gica Uni\u00f3n - Florister\u00eda Madonna<\/title>\n<meta name=\"robots\" content=\"index, follow, max-snippet:-1, max-image-preview:large, max-video-preview:-1\" \/>\n<link rel=\"canonical\" href=\"https:\/\/floristeriamadonna.com\/?product=magica-union\" \/>\n<meta property=\"og:locale\" content=\"es_MX\" \/>\n<meta property=\"og:type\" content=\"article\" \/>\n<meta property=\"og:title\" content=\"M\u00e1gica Uni\u00f3n - Florister\u00eda Madonna\" \/>\n<meta property=\"og:description\" content=\"12 Tallos de Gerberas y Follajes Especiales en jarron.\" \/>\n<meta property=\"og:url\" content=\"https:\/\/floristeriamadonna.com\/?product=magica-union\" \/>\n<meta property=\"og:site_name\" content=\"Florister\u00eda Madonna\" \/>\n<meta property=\"article:publisher\" content=\"https:\/\/www.facebook.com\/madonnafloristeria\" \/>\n<meta property=\"article:modified_time\" content=\"2026-01-30T06:36:57+00:00\" \/>\n<meta property=\"og:image\" content=\"https:\/\/floristeriamadonna.com\/wp-content\/uploads\/2021\/11\/Magica-Union-1.jpg\" \/>\n\t<meta property=\"og:image:width\" content=\"700\" \/>\n\t<meta property=\"og:image:height\" content=\"800\" \/>\n\t<meta property=\"og:image:type\" content=\"image\/jpeg\" \/>\n<meta name=\"twitter:card\" content=\"summary_large_image\" \/>\n<meta name=\"twitter:label1\" content=\"Tiempo de lectura\" \/>\n\t<meta name=\"twitter:data1\" content=\"1 minuto\" \/>\n<script type=\"application\/ld+json\" class=\"yoast-schema-graph\">{\"@context\":\"https:\/\/schema.org\",\"@graph\":[{\"@type\":\"WebPage\",\"@id\":\"https:\/\/floristeriamadonna.com\/?product=magica-union\",\"url\":\"https:\/\/floristeriamadonna.com\/?product=magica-union\",\"name\":\"M\u00e1gica Uni\u00f3n - Florister\u00eda Madonna\",\"isPartOf\":{\"@id\":\"https:\/\/floristeriamadonna.com\/#website\"},\"primaryImageOfPage\":{\"@id\":\"https:\/\/floristeriamadonna.com\/?product=magica-union#primaryimage\"},\"image\":{\"@id\":\"https:\/\/floristeriamadonna.com\/?product=magica-union#primaryimage\"},\"thumbnailUrl\":\"https:\/\/floristeriamadonna.com\/wp-content\/uploads\/2021\/11\/Magica-Union-1.jpg\",\"datePublished\":\"2021-11-12T23:29:00+00:00\",\"dateModified\":\"2026-01-30T06:36:57+00:00\",\"breadcrumb\":{\"@id\":\"https:\/\/floristeriamadonna.com\/?product=magica-union#breadcrumb\"},\"inLanguage\":\"es\",\"potentialAction\":[{\"@type\":\"ReadAction\",\"target\":[\"https:\/\/floristeriamadonna.com\/?product=magica-union\"]}]},{\"@type\":\"ImageObject\",\"inLanguage\":\"es\",\"@id\":\"https:\/\/floristeriamadonna.com\/?product=magica-union#primaryimage\",\"url\":\"https:\/\/floristeriamadonna.com\/wp-content\/uploads\/2021\/11\/Magica-Union-1.jpg\",\"contentUrl\":\"https:\/\/floristeriamadonna.com\/wp-content\/uploads\/2021\/11\/Magica-Union-1.jpg\",\"width\":700,\"height\":800},{\"@type\":\"BreadcrumbList\",\"@id\":\"https:\/\/floristeriamadonna.com\/?product=magica-union#breadcrumb\",\"itemListElement\":[{\"@type\":\"ListItem\",\"position\":1,\"name\":\"Inicio\",\"item\":\"https:\/\/floristeriamadonna.com\/\"},{\"@type\":\"ListItem\",\"position\":2,\"name\":\"Tienda\",\"item\":\"https:\/\/floristeriamadonna.com\/?page_id=9\"},{\"@type\":\"ListItem\",\"position\":3,\"name\":\"M\u00e1gica Uni\u00f3n\"}]},{\"@type\":\"WebSite\",\"@id\":\"https:\/\/floristeriamadonna.com\/#website\",\"url\":\"https:\/\/floristeriamadonna.com\/\",\"name\":\"Florister\u00eda Madonna\",\"description\":\"\",\"publisher\":{\"@id\":\"https:\/\/floristeriamadonna.com\/#organization\"},\"potentialAction\":[{\"@type\":\"SearchAction\",\"target\":{\"@type\":\"EntryPoint\",\"urlTemplate\":\"https:\/\/floristeriamadonna.com\/?s={search_term_string}\"},\"query-input\":{\"@type\":\"PropertyValueSpecification\",\"valueRequired\":true,\"valueName\":\"search_term_string\"}}],\"inLanguage\":\"es\"},{\"@type\":\"Organization\",\"@id\":\"https:\/\/floristeriamadonna.com\/#organization\",\"name\":\"Florister\u00eda Madonna\",\"url\":\"https:\/\/floristeriamadonna.com\/\",\"logo\":{\"@type\":\"ImageObject\",\"inLanguage\":\"es\",\"@id\":\"https:\/\/floristeriamadonna.com\/#\/schema\/logo\/image\/\",\"url\":\"https:\/\/floristeriamadonna.com\/wp-content\/uploads\/2021\/12\/floristeria-madonna-logo-1581041112.png\",\"contentUrl\":\"https:\/\/floristeriamadonna.com\/wp-content\/uploads\/2021\/12\/floristeria-madonna-logo-1581041112.png\",\"width\":203,\"height\":125,\"caption\":\"Florister\u00eda Madonna\"},\"image\":{\"@id\":\"https:\/\/floristeriamadonna.com\/#\/schema\/logo\/image\/\"},\"sameAs\":[\"https:\/\/www.facebook.com\/madonnafloristeria\",\"https:\/\/www.instagram.com\/floristeriamadonna\/\"]}]}<\/script>\n<!-- \/ Yoast SEO plugin. -->","yoast_head_json":{"title":"M\u00e1gica Uni\u00f3n - Florister\u00eda Madonna","robots":{"index":"index","follow":"follow","max-snippet":"max-snippet:-1","max-image-preview":"max-image-preview:large","max-video-preview":"max-video-preview:-1"},"canonical":"https:\/\/floristeriamadonna.com\/?product=magica-union","og_locale":"es_MX","og_type":"article","og_title":"M\u00e1gica Uni\u00f3n - Florister\u00eda Madonna","og_description":"12 Tallos de Gerberas y Follajes Especiales en jarron.","og_url":"https:\/\/floristeriamadonna.com\/?product=magica-union","og_site_name":"Florister\u00eda Madonna","article_publisher":"https:\/\/www.facebook.com\/madonnafloristeria","article_modified_time":"2026-01-30T06:36:57+00:00","og_image":[{"width":700,"height":800,"url":"https:\/\/floristeriamadonna.com\/wp-content\/uploads\/2021\/11\/Magica-Union-1.jpg","type":"image\/jpeg"}],"twitter_card":"summary_large_image","twitter_misc":{"Tiempo de lectura":"1 minuto"},"schema":{"@context":"https:\/\/schema.org","@graph":[{"@type":"WebPage","@id":"https:\/\/floristeriamadonna.com\/?product=magica-union","url":"https:\/\/floristeriamadonna.com\/?product=magica-union","name":"M\u00e1gica Uni\u00f3n - Florister\u00eda Madonna","isPartOf":{"@id":"https:\/\/floristeriamadonna.com\/#website"},"primaryImageOfPage":{"@id":"https:\/\/floristeriamadonna.com\/?product=magica-union#primaryimage"},"image":{"@id":"https:\/\/floristeriamadonna.com\/?product=magica-union#primaryimage"},"thumbnailUrl":"https:\/\/floristeriamadonna.com\/wp-content\/uploads\/2021\/11\/Magica-Union-1.jpg","datePublished":"2021-11-12T23:29:00+00:00","dateModified":"2026-01-30T06:36:57+00:00","breadcrumb":{"@id":"https:\/\/floristeriamadonna.com\/?product=magica-union#breadcrumb"},"inLanguage":"es","potentialAction":[{"@type":"ReadAction","target":["https:\/\/floristeriamadonna.com\/?product=magica-union"]}]},{"@type":"ImageObject","inLanguage":"es","@id":"https:\/\/floristeriamadonna.com\/?product=magica-union#primaryimage","url":"https:\/\/floristeriamadonna.com\/wp-content\/uploads\/2021\/11\/Magica-Union-1.jpg","contentUrl":"https:\/\/floristeriamadonna.com\/wp-content\/uploads\/2021\/11\/Magica-Union-1.jpg","width":700,"height":800},{"@type":"BreadcrumbList","@id":"https:\/\/floristeriamadonna.com\/?product=magica-union#breadcrumb","itemListElement":[{"@type":"ListItem","position":1,"name":"Inicio","item":"https:\/\/floristeriamadonna.com\/"},{"@type":"ListItem","position":2,"name":"Tienda","item":"https:\/\/floristeriamadonna.com\/?page_id=9"},{"@type":"ListItem","position":3,"name":"M\u00e1gica Uni\u00f3n"}]},{"@type":"WebSite","@id":"https:\/\/floristeriamadonna.com\/#website","url":"https:\/\/floristeriamadonna.com\/","name":"Florister\u00eda Madonna","description":"","publisher":{"@id":"https:\/\/floristeriamadonna.com\/#organization"},"potentialAction":[{"@type":"SearchAction","target":{"@type":"EntryPoint","urlTemplate":"https:\/\/floristeriamadonna.com\/?s={search_term_string}"},"query-input":{"@type":"PropertyValueSpecification","valueRequired":true,"valueName":"search_term_string"}}],"inLanguage":"es"},{"@type":"Organization","@id":"https:\/\/floristeriamadonna.com\/#organization","name":"Florister\u00eda Madonna","url":"https:\/\/floristeriamadonna.com\/","logo":{"@type":"ImageObject","inLanguage":"es","@id":"https:\/\/floristeriamadonna.com\/#\/schema\/logo\/image\/","url":"https:\/\/floristeriamadonna.com\/wp-content\/uploads\/2021\/12\/floristeria-madonna-logo-1581041112.png","contentUrl":"https:\/\/floristeriamadonna.com\/wp-content\/uploads\/2021\/12\/floristeria-madonna-logo-1581041112.png","width":203,"height":125,"caption":"Florister\u00eda Madonna"},"image":{"@id":"https:\/\/floristeriamadonna.com\/#\/schema\/logo\/image\/"},"sameAs":["https:\/\/www.facebook.com\/madonnafloristeria","https:\/\/www.instagram.com\/floristeriamadonna\/"]}]}},"_links":{"self":[{"href":"https:\/\/floristeriamadonna.com\/index.php?rest_route=\/wp\/v2\/product\/9214","targetHints":{"allow":["GET"]}}],"collection":[{"href":"https:\/\/floristeriamadonna.com\/index.php?rest_route=\/wp\/v2\/product"}],"about":[{"href":"https:\/\/floristeriamadonna.com\/index.php?rest_route=\/wp\/v2\/types\/product"}],"version-history":[{"count":10,"href":"https:\/\/floristeriamadonna.com\/index.php?rest_route=\/wp\/v2\/product\/9214\/revisions"}],"predecessor-version":[{"id":11616,"href":"https:\/\/floristeriamadonna.com\/index.php?rest_route=\/wp\/v2\/product\/9214\/revisions\/11616"}],"wp:featuredmedia":[{"embeddable":true,"href":"https:\/\/floristeriamadonna.com\/index.php?rest_route=\/wp\/v2\/media\/9217"}],"wp:attachment":[{"href":"https:\/\/floristeriamadonna.com\/index.php?rest_route=%2Fwp%2Fv2%2Fmedia&parent=9214"}],"wp:term":[{"taxonomy":"product_cat","embeddable":true,"href":"https:\/\/floristeriamadonna.com\/index.php?rest_route=%2Fwp%2Fv2%2Fproduct_cat&post=9214"},{"taxonomy":"product_tag","embeddable":true,"href":"https:\/\/floristeriamadonna.com\/index.php?rest_route=%2Fwp%2Fv2%2Fproduct_tag&post=9214"}],"curies":[{"name":"wp","href":"https:\/\/api.w.org\/{rel}","templated":true}]}}